{"id":3543,"date":"2023-03-03T17:32:40","date_gmt":"2023-03-03T16:32:40","guid":{"rendered":"https:\/\/www.access2meds.eu\/impact\/"},"modified":"2025-06-23T13:55:21","modified_gmt":"2025-06-23T11:55:21","slug":"impact","status":"publish","type":"page","link":"https:\/\/www.access2meds.eu\/ro\/impact\/","title":{"rendered":"Impact"},"content":{"rendered":"<p>[et_pb_section fb_built=&#8221;1&#8243; admin_label=&#8221;Header&#8221; _builder_version=&#8221;4.20.2&#8243; _module_preset=&#8221;2e264158-b54d-4d7f-8146-8c8b7ca64cef&#8221; background_image=&#8221;https:\/\/www.access2meds.eu\/wp-content\/uploads\/2023\/03\/Foto_1132274611_iStock_PeopleImages.jpg&#8221; background_position=&#8221;top_center&#8221; global_colors_info=&#8221;{}&#8221;][et_pb_row _builder_version=&#8221;4.20.0&#8243; _module_preset=&#8221;default&#8221; custom_padding=&#8221;7px|30px||30px|false|true&#8221; global_colors_info=&#8221;{}&#8221;][et_pb_column type=&#8221;4_4&#8243; _builder_version=&#8221;4.20.0&#8243; _module_preset=&#8221;default&#8221; global_colors_info=&#8221;{}&#8221;][et_pb_text _builder_version=&#8221;4.20.2&#8243; _module_preset=&#8221;default&#8221; header_font=&#8221;|700||on|||||&#8221; header_font_size=&#8221;80px&#8221; custom_margin=&#8221;11px||||false|false&#8221; global_colors_info=&#8221;{}&#8221;]<\/p>\n<h1><span style=\"color: #e95f6c;\">Impact<\/span> <\/h1>\n<p>[\/et_pb_text][\/et_pb_column][\/et_pb_row][\/et_pb_section][et_pb_section fb_built=&#8221;1&#8243; _builder_version=&#8221;4.20.2&#8243; _module_preset=&#8221;default&#8221; background_color=&#8221;#e1e2ed&#8221; custom_margin=&#8221;||||false|false&#8221; custom_padding=&#8221;||37px||false|false&#8221; global_colors_info=&#8221;{}&#8221;][et_pb_row module_class=&#8221;rowmitklapptext&#8221; _builder_version=&#8221;4.20.0&#8243; _module_preset=&#8221;default&#8221; global_colors_info=&#8221;{}&#8221;][et_pb_column type=&#8221;4_4&#8243; _builder_version=&#8221;4.20.0&#8243; _module_preset=&#8221;default&#8221; global_colors_info=&#8221;{}&#8221;][et_pb_text _builder_version=&#8221;4.20.2&#8243; _module_preset=&#8221;default&#8221; header_2_font=&#8221;|600||on|||||&#8221; global_colors_info=&#8221;{}&#8221;]<\/p>\n<h2>Impactul ASCERTAIN asupra principalilor actori din domeniul s\u0103n\u0103t\u0103\u021bii<\/h2>\n<p>[\/et_pb_text][et_pb_text _builder_version=&#8221;4.20.2&#8243; _module_preset=&#8221;default&#8221; global_colors_info=&#8221;{}&#8221;]<\/p>\n<p>Proiectul ASCERTAIN vizeaz\u0103 mai mul\u021bi stakeholderi din industria medical\u0103, fiecare cu nevoi \u0219i obiective unice.<\/p>\n<p>Pentru <strong>membrii industriei<\/strong>, ASCERTAIN ofer\u0103 recomand\u0103ri pentru evaluarea tehnologiilor medicale (HTA) \u0219i furnizeaz\u0103 noi cuno\u0219tin\u021be privind crearea de valoare, stabilirea pre\u021burilor \u0219i accesul. Proiectul \u00ee\u0219i propune s\u0103 ajute industria s\u0103 ia decizii bazate pe eviden\u021b\u0103 cu privire la accesibilitatea \u0219i durabilitatea tehnologiilor inovatoare \u00een domeniul s\u0103n\u0103t\u0103\u021bii (IHT). <\/p>\n<p><strong>Pacien\u021bii <\/strong>beneficiaz\u0103 de proiectul ASCERTAIN, deoarece acesta urm\u0103re\u0219te s\u0103 ofere un acces mai rapid la IHT \u0219i pre\u021buri echitabile. Proiectul urm\u0103re\u0219te s\u0103 \u00eembun\u0103t\u0103\u021beasc\u0103 accesibilitatea tehnologiilor inovatoare \u00een domeniul s\u0103n\u0103t\u0103\u021bii \u0219i s\u0103 se asigure c\u0103 pacien\u021bii pot beneficia de cele mai recente progrese \u00een domeniul asisten\u021bei medicale. <\/p>\n<p><strong>Cercet\u0103torii <\/strong>vor g\u0103si proiectul ASCERTAIN deosebit de util, deoarece ofer\u0103 acces liber la date \u0219i este \u0219i un instrument de politici sanitare \u00een acest scop. Scopul proiectului este de a oferi cercet\u0103torilor informa\u021bii valoroase cu privire la dezvoltarea de noi modele de stabilire a pre\u021burilor \u0219i de rambursare \u0219i \u00een general de a sprijini progresul cercet\u0103rii \u00een domeniul s\u0103n\u0103t\u0103\u021bii. <\/p>\n<p>Responsabilii <strong>politici \u0219i guvernele<\/strong> vor beneficia de recomand\u0103rile proiectului ASCERTAIN privind rentabilitatea, rambursarea \u0219i modelarea impactului bugetar. Proiectul ofer\u0103 instrumente de sprijinire a politicilor de s\u0103n\u0103tate care pot informa procesul decizional la nivel guvernamental \u0219i pot contribui la folosirea fondurilor publice \u00een cel mai eficient mod posibil. <\/p>\n<p><strong>Organismele de reglementare<\/strong> vor beneficia de eforturile proiectului ASCERTAIN de a atribui etichete de valoare tehnologiilor medicale. Proiectul urm\u0103re\u0219te s\u0103 furnizeze organismelor de reglementare informa\u021bii care le pot ajuta s\u0103 ia decizii \u00een cuno\u0219tin\u021b\u0103 de cauz\u0103 cu privire la stabilirea pre\u021burilor \u0219i rambursarea noilor tehnologii medicale. <\/p>\n<p><strong>Clinicienii <\/strong>vor beneficia de eforturile proiectului ASCERTAIN de a \u00eembun\u0103t\u0103\u021bi accesibilitatea tehnologiilor inovatoare din domeniul s\u0103n\u0103t\u0103\u021bii. Acest lucru va ajuta pacien\u021bii s\u0103 poat\u0103 avea acces la cele mai recente progrese \u00een domeniul asisten\u021bei medicale, ceea ce, la r\u00e2ndul s\u0103u, va \u00eembun\u0103t\u0103\u021bi calitatea \u00eengrijirii disponibile pentru pacien\u021bi. <\/p>\n<p><strong>Asiguratorii <\/strong>vor beneficia de eforturile proiectului ASCERTAIN de a furniza un instrument online comprehensiv de sprijinire a politicilor de s\u0103n\u0103tate. Proiectul \u00ee\u0219i propune s\u0103 sprijine autorit\u0103\u021bile din domeniul s\u0103n\u0103t\u0103\u021bii, asigur\u0103torii \u0219i furnizorii de servicii medicale \u00een luarea de decizii bazate pe eviden\u021b\u0103 cu privire la stabilirea pre\u021burilor \u0219i rambursarea tehnologiilor inovatoare din domeniul s\u0103n\u0103t\u0103\u021bii. <\/p>\n<p>De asemenea, <strong>publicul <\/strong>larg va beneficia de pe urma proiectului ASCERTAIN. Eforturile proiectului de a \u00eembun\u0103t\u0103\u021bi accesibilitatea tehnologiilor inovatoare \u00een domeniul s\u0103n\u0103t\u0103\u021bii vor contribui la asigurarea faptului c\u0103 fondurile publice sunt utilizate \u00een cel mai eficient mod posibil \u0219i c\u0103 pacien\u021bii pot avea acces la cele mai recente progrese \u00een domeniul asisten\u021bei medicale. <\/p>\n<p>[\/et_pb_text][\/et_pb_column][\/et_pb_row][\/et_pb_section][et_pb_section fb_built=&#8221;1&#8243; _builder_version=&#8221;4.20.2&#8243; _module_preset=&#8221;default&#8221; background_color=&#8221;#86B8BD&#8221; custom_margin=&#8221;||||false|false&#8221; custom_padding=&#8221;16px||75px||false|false&#8221; box_shadow_style=&#8221;preset7&#8243; box_shadow_horizontal=&#8221;0px&#8221; box_shadow_vertical=&#8221;-274px&#8221; box_shadow_color=&#8221;#FFFFFF&#8221; global_colors_info=&#8221;{}&#8221;][et_pb_row _builder_version=&#8221;4.20.2&#8243; _module_preset=&#8221;default&#8221; global_colors_info=&#8221;{}&#8221;][et_pb_column type=&#8221;4_4&#8243; _builder_version=&#8221;4.20.2&#8243; _module_preset=&#8221;default&#8221; global_colors_info=&#8221;{}&#8221;][et_pb_text _builder_version=&#8221;4.27.4&#8243; _module_preset=&#8221;default&#8221; header_font=&#8221;Poppins regular|700||on|||||&#8221; header_font_size=&#8221;36px&#8221; custom_margin=&#8221;14px||23px||false|false&#8221; custom_margin_tablet=&#8221;&#8221; custom_margin_phone=&#8221;||30px||false|false&#8221; custom_margin_last_edited=&#8221;on|phone&#8221; hover_enabled=&#8221;0&#8243; header_font_size_phone=&#8221;24px&#8221; global_colors_info=&#8221;{}&#8221; sticky_enabled=&#8221;0&#8243;]<\/p>\n<h1>Persoan\u0103 de contact<\/h1>\n<p>[\/et_pb_text][et_pb_text _builder_version=&#8221;4.20.2&#8243; _module_preset=&#8221;default&#8221; text_font=&#8221;Poppins regular||||||||&#8221; text_text_color=&#8221;#393C84&#8243; text_font_size=&#8221;24px&#8221; text_line_height=&#8221;1.33em&#8221; module_alignment=&#8221;right&#8221; custom_margin=&#8221;||0px||false|false&#8221; text_font_size_tablet=&#8221;&#8221; text_font_size_phone=&#8221;18px&#8221; text_font_size_last_edited=&#8221;on|phone&#8221; global_colors_info=&#8221;{}&#8221;]<\/p>\n<p>V\u0103 rug\u0103m s\u0103 lua\u021bi leg\u0103tura cu noi dac\u0103 ave\u021bi \u00eentreb\u0103ri sau comentarii! V\u0103 vom r\u0103spunde c\u00e2t mai cur\u00e2nd posibil. <\/p>\n<p>[\/et_pb_text][\/et_pb_column][\/et_pb_row][et_pb_row column_structure=&#8221;1_3,1_3,1_3&#8243; use_custom_gutter=&#8221;on&#8221; _builder_version=&#8221;4.20.2&#8243; _module_preset=&#8221;default&#8221; custom_padding=&#8221;0px|30px|0px|30px|false|true&#8221; global_colors_info=&#8221;{}&#8221;][et_pb_column type=&#8221;1_3&#8243; _builder_version=&#8221;4.20.2&#8243; _module_preset=&#8221;be0fba28-f74a-4ba0-9a8d-9cd30aca805d&#8221; global_colors_info=&#8221;{}&#8221;][et_pb_image src=&#8221;https:\/\/www.access2meds.eu\/wp-content\/uploads\/2023\/03\/dummy1-kontakt-1.jpg&#8221; title_text=&#8221;dummy1-kontakt&#8221; _builder_version=&#8221;4.20.2&#8243; _module_preset=&#8221;a348f9e0-d57b-4c22-b522-c52b784fe57f&#8221; global_colors_info=&#8221;{}&#8221;][\/et_pb_image][et_pb_text _builder_version=&#8221;4.20.2&#8243; _module_preset=&#8221;default&#8221; text_text_color=&#8221;#FFFFFF&#8221; global_colors_info=&#8221;{}&#8221;]<\/p>\n<p>Pentru \u00eentreb\u0103ri legate de cercetare:<\/p>\n<p><strong>Carin Uyl-de Groot<\/strong><br \/>Coordonator de proiect<\/p>\n<p>Universitatea Erasmus din Rotterdam<br \/>uyl@eshpm.eur.nl<br \/>Telefon: +31 10 4081583<\/p>\n<p>[\/et_pb_text][\/et_pb_column][et_pb_column type=&#8221;1_3&#8243; _builder_version=&#8221;4.20.2&#8243; _module_preset=&#8221;be0fba28-f74a-4ba0-9a8d-9cd30aca805d&#8221; background_color=&#8221;#393C84&#8243; global_colors_info=&#8221;{}&#8221;][et_pb_image src=&#8221;https:\/\/www.access2meds.eu\/wp-content\/uploads\/2023\/03\/dummy2-kontakt.jpg&#8221; title_text=&#8221;dummy2-kontakt&#8221; align=&#8221;center&#8221; _builder_version=&#8221;4.20.2&#8243; _module_preset=&#8221;a348f9e0-d57b-4c22-b522-c52b784fe57f&#8221; global_colors_info=&#8221;{}&#8221;][\/et_pb_image][et_pb_text _builder_version=&#8221;4.20.2&#8243; _module_preset=&#8221;default&#8221; text_text_color=&#8221;#FFFFFF&#8221; global_colors_info=&#8221;{}&#8221;]<\/p>\n<p>Pentru \u00eentreb\u0103ri generale legate de proiect:<\/p>\n<p><strong>Marcel Langone Marques<\/strong><br \/>Manager de proiect<\/p>\n<p>Universitatea Erasmus din Rotterdam<br \/>marcel.langonemarques@eur.nl<br \/>Telefon +31 10 4081583<\/p>\n<p>[\/et_pb_text][\/et_pb_column][et_pb_column type=&#8221;1_3&#8243; _builder_version=&#8221;4.20.2&#8243; _module_preset=&#8221;be0fba28-f74a-4ba0-9a8d-9cd30aca805d&#8221; background_color=&#8221;#048EA3&#8243; global_colors_info=&#8221;{}&#8221;][et_pb_image src=&#8221;https:\/\/www.access2meds.eu\/wp-content\/uploads\/2023\/03\/lena-jessen-contact.jpg&#8221; title_text=&#8221;lena-jessen-contact&#8221; _builder_version=&#8221;4.20.2&#8243; _module_preset=&#8221;a348f9e0-d57b-4c22-b522-c52b784fe57f&#8221; global_colors_info=&#8221;{}&#8221;][\/et_pb_image][et_pb_text _builder_version=&#8221;4.20.2&#8243; _module_preset=&#8221;default&#8221; text_text_color=&#8221;#FFFFFF&#8221; global_colors_info=&#8221;{}&#8221;]<\/p>\n<p>Pentru comunica\u021bii:<\/p>\n<p><strong>Lena Jessen<\/strong><br \/>Manager de proiect<\/p>\n<p>OptiMedis<br \/>l.jessen@optimedis.de<br \/>Telefon +49 40 226211490<\/p>\n<p>[\/et_pb_text][\/et_pb_column][\/et_pb_row][\/et_pb_section]<\/p>\n","protected":false},"excerpt":{"rendered":"<p>Impact Impactul ASCERTAIN asupra principalilor actori din domeniul s\u0103n\u0103t\u0103\u021biiProiectul ASCERTAIN vizeaz\u0103 mai mul\u021bi stakeholderi din industria medical\u0103, fiecare cu nevoi \u0219i obiective unice. Pentru membrii industriei, ASCERTAIN ofer\u0103 recomand\u0103ri pentru evaluarea tehnologiilor medicale (HTA) \u0219i furnizeaz\u0103 noi cuno\u0219tin\u021be privind crearea de valoare, stabilirea pre\u021burilor \u0219i accesul. Proiectul \u00ee\u0219i propune s\u0103 ajute industria s\u0103 ia decizii bazate pe eviden\u021b\u0103 cu privire la accesibilitatea \u0219i durabilitatea tehnologiilor inovatoare \u00een domeniul s\u0103n\u0103t\u0103\u021bii (IHT). Pacien\u021bii beneficiaz\u0103 de proiectul ASCERTAIN, deoarece acesta urm\u0103re\u0219te s\u0103 ofere un acces mai rapid la IHT \u0219i pre\u021buri echitabile. Proiectul urm\u0103re\u0219te s\u0103 \u00eembun\u0103t\u0103\u021beasc\u0103 accesibilitatea tehnologiilor inovatoare \u00een domeniul s\u0103n\u0103t\u0103\u021bii \u0219i s\u0103 se asigure c\u0103 pacien\u021bii pot beneficia de cele mai recente progrese \u00een domeniul asisten\u021bei medicale. Cercet\u0103torii vor g\u0103si proiectul ASCERTAIN deosebit de util, deoarece ofer\u0103 acces liber la date \u0219i este \u0219i un instrument de politici sanitare \u00een acest scop. Scopul proiectului este de a oferi cercet\u0103torilor informa\u021bii valoroase cu privire la dezvoltarea de noi modele de stabilire a pre\u021burilor \u0219i de rambursare \u0219i \u00een general de a sprijini progresul cercet\u0103rii \u00een domeniul s\u0103n\u0103t\u0103\u021bii. Responsabilii politici \u0219i guvernele vor beneficia de recomand\u0103rile proiectului ASCERTAIN privind rentabilitatea, rambursarea \u0219i modelarea impactului bugetar. Proiectul ofer\u0103 instrumente de sprijinire a politicilor de [&hellip;]<\/p>\n","protected":false},"author":1,"featured_media":2561,"parent":0,"menu_order":0,"comment_status":"closed","ping_status":"closed","template":"","meta":{"_et_pb_use_builder":"on","_et_pb_old_content":"","_et_gb_content_width":"","footnotes":""},"class_list":["post-3543","page","type-page","status-publish","has-post-thumbnail","hentry"],"yoast_head":"<!-- This site is optimized with the Yoast SEO Premium plugin v23.8 (Yoast SEO v27.4) - https:\/\/yoast.com\/product\/yoast-seo-premium-wordpress\/ -->\n<title>Impact - ASCERTAIN<\/title>\n<meta name=\"description\" content=\"\u00cen\u021belege\u021bi cum ASCERTAIN asist\u0103 principalele p\u0103r\u021bi interesate din industria medical\u0103 \u00een crearea de valoare, pre\u021buri \u0219i acces.\" \/>\n<meta name=\"robots\" content=\"index, follow, max-snippet:-1, max-image-preview:large, max-video-preview:-1\" \/>\n<link rel=\"canonical\" href=\"https:\/\/www.access2meds.eu\/ro\/impact\/\" \/>\n<meta property=\"og:locale\" content=\"ro_RO\" \/>\n<meta property=\"og:type\" content=\"article\" \/>\n<meta property=\"og:title\" content=\"Impact\" \/>\n<meta property=\"og:description\" content=\"\u00cen\u021belege\u021bi cum ASCERTAIN asist\u0103 principalele p\u0103r\u021bi interesate din industria medical\u0103 \u00een crearea de valoare, pre\u021buri \u0219i acces.\" \/>\n<meta property=\"og:url\" content=\"https:\/\/www.access2meds.eu\/ro\/impact\/\" \/>\n<meta property=\"og:site_name\" content=\"ASCERTAIN\" \/>\n<meta property=\"article:modified_time\" content=\"2025-06-23T11:55:21+00:00\" \/>\n<meta property=\"og:image\" content=\"https:\/\/www.access2meds.eu\/wp-content\/uploads\/2023\/03\/Foto_1132274611_iStock_PeopleImages.jpg\" \/>\n\t<meta property=\"og:image:width\" content=\"1282\" \/>\n\t<meta property=\"og:image:height\" content=\"818\" \/>\n\t<meta property=\"og:image:type\" content=\"image\/jpeg\" \/>\n<meta name=\"twitter:card\" content=\"summary_large_image\" \/>\n<meta name=\"twitter:site\" content=\"@ASCERTAIN_EU\" \/>\n<meta name=\"twitter:label1\" content=\"Timp estimat pentru citire\" \/>\n\t<meta name=\"twitter:data1\" content=\"6 minute\" \/>\n<script type=\"application\/ld+json\" class=\"yoast-schema-graph\">{\"@context\":\"https:\\\/\\\/schema.org\",\"@graph\":[{\"@type\":\"WebPage\",\"@id\":\"https:\\\/\\\/www.access2meds.eu\\\/ro\\\/impact\\\/\",\"url\":\"https:\\\/\\\/www.access2meds.eu\\\/ro\\\/impact\\\/\",\"name\":\"Impact - ASCERTAIN\",\"isPartOf\":{\"@id\":\"https:\\\/\\\/www.access2meds.eu\\\/#website\"},\"primaryImageOfPage\":{\"@id\":\"https:\\\/\\\/www.access2meds.eu\\\/ro\\\/impact\\\/#primaryimage\"},\"image\":{\"@id\":\"https:\\\/\\\/www.access2meds.eu\\\/ro\\\/impact\\\/#primaryimage\"},\"thumbnailUrl\":\"https:\\\/\\\/www.access2meds.eu\\\/wp-content\\\/uploads\\\/2023\\\/03\\\/Foto_1132274611_iStock_PeopleImages.jpg\",\"datePublished\":\"2023-03-03T16:32:40+00:00\",\"dateModified\":\"2025-06-23T11:55:21+00:00\",\"description\":\"\u00cen\u021belege\u021bi cum ASCERTAIN asist\u0103 principalele p\u0103r\u021bi interesate din industria medical\u0103 \u00een crearea de valoare, pre\u021buri \u0219i acces.\",\"breadcrumb\":{\"@id\":\"https:\\\/\\\/www.access2meds.eu\\\/ro\\\/impact\\\/#breadcrumb\"},\"inLanguage\":\"ro-RO\",\"potentialAction\":[{\"@type\":\"ReadAction\",\"target\":[\"https:\\\/\\\/www.access2meds.eu\\\/ro\\\/impact\\\/\"]}]},{\"@type\":\"ImageObject\",\"inLanguage\":\"ro-RO\",\"@id\":\"https:\\\/\\\/www.access2meds.eu\\\/ro\\\/impact\\\/#primaryimage\",\"url\":\"https:\\\/\\\/www.access2meds.eu\\\/wp-content\\\/uploads\\\/2023\\\/03\\\/Foto_1132274611_iStock_PeopleImages.jpg\",\"contentUrl\":\"https:\\\/\\\/www.access2meds.eu\\\/wp-content\\\/uploads\\\/2023\\\/03\\\/Foto_1132274611_iStock_PeopleImages.jpg\",\"width\":1282,\"height\":818},{\"@type\":\"BreadcrumbList\",\"@id\":\"https:\\\/\\\/www.access2meds.eu\\\/ro\\\/impact\\\/#breadcrumb\",\"itemListElement\":[{\"@type\":\"ListItem\",\"position\":1,\"name\":\"Startseite\",\"item\":\"https:\\\/\\\/www.access2meds.eu\\\/ro\\\/startseite\\\/\"},{\"@type\":\"ListItem\",\"position\":2,\"name\":\"Impact\"}]},{\"@type\":\"WebSite\",\"@id\":\"https:\\\/\\\/www.access2meds.eu\\\/#website\",\"url\":\"https:\\\/\\\/www.access2meds.eu\\\/\",\"name\":\"ASCERTAIN\",\"description\":\"IMPROVING ACCESS TO INNOVATIVE HEALTH TECHNOLOGIES\",\"publisher\":{\"@id\":\"https:\\\/\\\/www.access2meds.eu\\\/#organization\"},\"potentialAction\":[{\"@type\":\"SearchAction\",\"target\":{\"@type\":\"EntryPoint\",\"urlTemplate\":\"https:\\\/\\\/www.access2meds.eu\\\/?s={search_term_string}\"},\"query-input\":{\"@type\":\"PropertyValueSpecification\",\"valueRequired\":true,\"valueName\":\"search_term_string\"}}],\"inLanguage\":\"ro-RO\"},{\"@type\":\"Organization\",\"@id\":\"https:\\\/\\\/www.access2meds.eu\\\/#organization\",\"name\":\"ASCERTAIN\",\"url\":\"https:\\\/\\\/www.access2meds.eu\\\/\",\"logo\":{\"@type\":\"ImageObject\",\"inLanguage\":\"ro-RO\",\"@id\":\"https:\\\/\\\/www.access2meds.eu\\\/#\\\/schema\\\/logo\\\/image\\\/\",\"url\":\"https:\\\/\\\/www.access2meds.eu\\\/wp-content\\\/uploads\\\/2023\\\/02\\\/ASCERTAIN-logo.svg\",\"contentUrl\":\"https:\\\/\\\/www.access2meds.eu\\\/wp-content\\\/uploads\\\/2023\\\/02\\\/ASCERTAIN-logo.svg\",\"width\":1,\"height\":1,\"caption\":\"ASCERTAIN\"},\"image\":{\"@id\":\"https:\\\/\\\/www.access2meds.eu\\\/#\\\/schema\\\/logo\\\/image\\\/\"},\"sameAs\":[\"https:\\\/\\\/x.com\\\/ASCERTAIN_EU\",\"https:\\\/\\\/www.linkedin.com\\\/company\\\/ascertain-eu\\\/\",\"https:\\\/\\\/www.youtube.com\\\/@ascertainproject\"]}]}<\/script>\n<!-- \/ Yoast SEO Premium plugin. -->","yoast_head_json":{"title":"Impact - ASCERTAIN","description":"\u00cen\u021belege\u021bi cum ASCERTAIN asist\u0103 principalele p\u0103r\u021bi interesate din industria medical\u0103 \u00een crearea de valoare, pre\u021buri \u0219i acces.","robots":{"index":"index","follow":"follow","max-snippet":"max-snippet:-1","max-image-preview":"max-image-preview:large","max-video-preview":"max-video-preview:-1"},"canonical":"https:\/\/www.access2meds.eu\/ro\/impact\/","og_locale":"ro_RO","og_type":"article","og_title":"Impact","og_description":"\u00cen\u021belege\u021bi cum ASCERTAIN asist\u0103 principalele p\u0103r\u021bi interesate din industria medical\u0103 \u00een crearea de valoare, pre\u021buri \u0219i acces.","og_url":"https:\/\/www.access2meds.eu\/ro\/impact\/","og_site_name":"ASCERTAIN","article_modified_time":"2025-06-23T11:55:21+00:00","og_image":[{"width":1282,"height":818,"url":"https:\/\/www.access2meds.eu\/wp-content\/uploads\/2023\/03\/Foto_1132274611_iStock_PeopleImages.jpg","type":"image\/jpeg"}],"twitter_card":"summary_large_image","twitter_site":"@ASCERTAIN_EU","twitter_misc":{"Timp estimat pentru citire":"6 minute"},"schema":{"@context":"https:\/\/schema.org","@graph":[{"@type":"WebPage","@id":"https:\/\/www.access2meds.eu\/ro\/impact\/","url":"https:\/\/www.access2meds.eu\/ro\/impact\/","name":"Impact - ASCERTAIN","isPartOf":{"@id":"https:\/\/www.access2meds.eu\/#website"},"primaryImageOfPage":{"@id":"https:\/\/www.access2meds.eu\/ro\/impact\/#primaryimage"},"image":{"@id":"https:\/\/www.access2meds.eu\/ro\/impact\/#primaryimage"},"thumbnailUrl":"https:\/\/www.access2meds.eu\/wp-content\/uploads\/2023\/03\/Foto_1132274611_iStock_PeopleImages.jpg","datePublished":"2023-03-03T16:32:40+00:00","dateModified":"2025-06-23T11:55:21+00:00","description":"\u00cen\u021belege\u021bi cum ASCERTAIN asist\u0103 principalele p\u0103r\u021bi interesate din industria medical\u0103 \u00een crearea de valoare, pre\u021buri \u0219i acces.","breadcrumb":{"@id":"https:\/\/www.access2meds.eu\/ro\/impact\/#breadcrumb"},"inLanguage":"ro-RO","potentialAction":[{"@type":"ReadAction","target":["https:\/\/www.access2meds.eu\/ro\/impact\/"]}]},{"@type":"ImageObject","inLanguage":"ro-RO","@id":"https:\/\/www.access2meds.eu\/ro\/impact\/#primaryimage","url":"https:\/\/www.access2meds.eu\/wp-content\/uploads\/2023\/03\/Foto_1132274611_iStock_PeopleImages.jpg","contentUrl":"https:\/\/www.access2meds.eu\/wp-content\/uploads\/2023\/03\/Foto_1132274611_iStock_PeopleImages.jpg","width":1282,"height":818},{"@type":"BreadcrumbList","@id":"https:\/\/www.access2meds.eu\/ro\/impact\/#breadcrumb","itemListElement":[{"@type":"ListItem","position":1,"name":"Startseite","item":"https:\/\/www.access2meds.eu\/ro\/startseite\/"},{"@type":"ListItem","position":2,"name":"Impact"}]},{"@type":"WebSite","@id":"https:\/\/www.access2meds.eu\/#website","url":"https:\/\/www.access2meds.eu\/","name":"ASCERTAIN","description":"IMPROVING ACCESS TO INNOVATIVE HEALTH TECHNOLOGIES","publisher":{"@id":"https:\/\/www.access2meds.eu\/#organization"},"potentialAction":[{"@type":"SearchAction","target":{"@type":"EntryPoint","urlTemplate":"https:\/\/www.access2meds.eu\/?s={search_term_string}"},"query-input":{"@type":"PropertyValueSpecification","valueRequired":true,"valueName":"search_term_string"}}],"inLanguage":"ro-RO"},{"@type":"Organization","@id":"https:\/\/www.access2meds.eu\/#organization","name":"ASCERTAIN","url":"https:\/\/www.access2meds.eu\/","logo":{"@type":"ImageObject","inLanguage":"ro-RO","@id":"https:\/\/www.access2meds.eu\/#\/schema\/logo\/image\/","url":"https:\/\/www.access2meds.eu\/wp-content\/uploads\/2023\/02\/ASCERTAIN-logo.svg","contentUrl":"https:\/\/www.access2meds.eu\/wp-content\/uploads\/2023\/02\/ASCERTAIN-logo.svg","width":1,"height":1,"caption":"ASCERTAIN"},"image":{"@id":"https:\/\/www.access2meds.eu\/#\/schema\/logo\/image\/"},"sameAs":["https:\/\/x.com\/ASCERTAIN_EU","https:\/\/www.linkedin.com\/company\/ascertain-eu\/","https:\/\/www.youtube.com\/@ascertainproject"]}]}},"_links":{"self":[{"href":"https:\/\/www.access2meds.eu\/ro\/wp-json\/wp\/v2\/pages\/3543","targetHints":{"allow":["GET"]}}],"collection":[{"href":"https:\/\/www.access2meds.eu\/ro\/wp-json\/wp\/v2\/pages"}],"about":[{"href":"https:\/\/www.access2meds.eu\/ro\/wp-json\/wp\/v2\/types\/page"}],"author":[{"embeddable":true,"href":"https:\/\/www.access2meds.eu\/ro\/wp-json\/wp\/v2\/users\/1"}],"replies":[{"embeddable":true,"href":"https:\/\/www.access2meds.eu\/ro\/wp-json\/wp\/v2\/comments?post=3543"}],"version-history":[{"count":3,"href":"https:\/\/www.access2meds.eu\/ro\/wp-json\/wp\/v2\/pages\/3543\/revisions"}],"predecessor-version":[{"id":4451,"href":"https:\/\/www.access2meds.eu\/ro\/wp-json\/wp\/v2\/pages\/3543\/revisions\/4451"}],"wp:featuredmedia":[{"embeddable":true,"href":"https:\/\/www.access2meds.eu\/ro\/wp-json\/wp\/v2\/media\/2561"}],"wp:attachment":[{"href":"https:\/\/www.access2meds.eu\/ro\/wp-json\/wp\/v2\/media?parent=3543"}],"curies":[{"name":"wp","href":"https:\/\/api.w.org\/{rel}","templated":true}]}}