{"id":3551,"date":"2023-03-03T17:32:40","date_gmt":"2023-03-03T16:32:40","guid":{"rendered":"https:\/\/www.access2meds.eu\/pavirkning\/"},"modified":"2025-06-24T10:04:26","modified_gmt":"2025-06-24T08:04:26","slug":"pavirkning","status":"publish","type":"page","link":"https:\/\/www.access2meds.eu\/no\/pavirkning\/","title":{"rendered":"P\u00e5virkning"},"content":{"rendered":"<p>[et_pb_section fb_built=&raquo;1&#8243; admin_label=&raquo;Header&raquo; _builder_version=&raquo;4.27.4&#8243; _module_preset=&raquo;2e264158-b54d-4d7f-8146-8c8b7ca64cef&raquo; background_image=&raquo;https:\/\/www.access2meds.eu\/wp-content\/uploads\/2023\/03\/Foto_1132274611_iStock_PeopleImages.jpg&raquo; background_position=&raquo;top_center&raquo; hover_enabled=&raquo;0&#8243; global_colors_info=&raquo;{}&raquo; background_last_edited=&raquo;on|phone&raquo; sticky_enabled=&raquo;0&#8243; title_text=&raquo;Mobile Header&raquo; background_image_phone=&raquo;https:\/\/www.access2meds.eu\/wp-content\/uploads\/2025\/06\/Mobile-Header.png&raquo; background_enable_image_phone=&raquo;on&raquo;][et_pb_row _builder_version=&raquo;4.20.0&#8243; _module_preset=&raquo;default&raquo; custom_padding=&raquo;7px|30px||30px|false|true&raquo; global_colors_info=&raquo;{}&raquo;][et_pb_column type=&raquo;4_4&#8243; _builder_version=&raquo;4.20.0&#8243; _module_preset=&raquo;default&raquo; global_colors_info=&raquo;{}&raquo;][et_pb_text _builder_version=&raquo;4.20.2&#8243; _module_preset=&raquo;default&raquo; header_font=&raquo;|700||on|||||&raquo; header_font_size=&raquo;80px&raquo; custom_margin=&raquo;11px||||false|false&raquo; global_colors_info=&raquo;{}&raquo;]<\/p>\n<h1><span style=\"color: #e95f6c;\">P\u00e5virkning<\/span> <\/h1>\n<p>[\/et_pb_text][\/et_pb_column][\/et_pb_row][\/et_pb_section][et_pb_section fb_built=&raquo;1&#8243; _builder_version=&raquo;4.20.2&#8243; _module_preset=&raquo;default&raquo; background_color=&raquo;#e1e2ed&raquo; custom_margin=&raquo;||||false|false&raquo; custom_padding=&raquo;||37px||false|false&raquo; global_colors_info=&raquo;{}&raquo;][et_pb_row module_class=&raquo;rowmitklapptext&raquo; _builder_version=&raquo;4.20.0&#8243; _module_preset=&raquo;default&raquo; global_colors_info=&raquo;{}&raquo;][et_pb_column type=&raquo;4_4&#8243; _builder_version=&raquo;4.20.0&#8243; _module_preset=&raquo;default&raquo; global_colors_info=&raquo;{}&raquo;][et_pb_text _builder_version=&raquo;4.20.2&#8243; _module_preset=&raquo;default&raquo; header_2_font=&raquo;|600||on|||||&raquo; global_colors_info=&raquo;{}&raquo;]<\/p>\n<h2>ASCERTAINs innvirkning p\u00e5 viktige interessenter i helsevesenet<\/h2>\n<p>[\/et_pb_text][et_pb_text _builder_version=&raquo;4.20.2&#8243; _module_preset=&raquo;default&raquo; global_colors_info=&raquo;{}&raquo;]<\/p>\n<p>ASCERTAIN-prosjektet retter seg mot flere interessenter i helsevesenet, hver med sine unike behov og m\u00e5l.<\/p>\n<p>ASCERTAIN gir <strong>industrien <\/strong>anbefalinger for helseteknologivurdering (HTA) og bidrar med ny kunnskap om verdiskaping, prising og tilgang. Prosjektet har som m\u00e5l \u00e5 hjelpe industrien med \u00e5 ta informerte beslutninger om hvor akseptable (helsegevinst versus ressursbruk) og b\u00e6rekraftige innovative helseteknologier (IHT-er) er. <\/p>\n<p>ASCERTAIN-prosjektet kommer <strong>pasientene <\/strong>til gode, ettersom det har som m\u00e5l \u00e5 gi raskere tilgang til IHT-er og rettferdig prising. Prosjektet har som m\u00e5l \u00e5 gj\u00f8re innovative helseteknologier akseptable (helsegevinst versus ressursbruk) og mer tilgjengelige, og s\u00f8rge for at pasientene kan dra nytte av de nyeste fremskrittene innen helsevesenet. <\/p>\n<p>ASCERTAIN-prosjektet er spesielt nyttig for <strong>forskere<\/strong>, ettersom det tilbyr \u00e5pen tilgang til data og et policyverkt\u00f8y for \u00e5pen tilgang. M\u00e5let med prosjektet er \u00e5 gi forskere verdifull innsikt i utviklingen av nye pris- og refusjonsmodeller og \u00e5 st\u00f8tte utviklingen av helseforskning. <\/p>\n<p><strong>Besluttende myndigheter<\/strong> vil dra nytte av ASCERTAIN-prosjektets arbeid med \u00e5 tildele verdikoder til helseteknologier. Prosjektet har som m\u00e5l \u00e5 gi beslutningstagere informasjon som kan hjelpe dem med \u00e5 ta informerte beslutninger om prising og refusjon av nye helseteknologier. <\/p>\n<p><strong>Reguleringsorganer<\/strong> vil dra nytte av ASCERTAIN-prosjektets arbeid med \u00e5 tildele verdikoder til helseteknologier. Prosjektet har som m\u00e5l \u00e5 gi reguleringsorganer informasjon som kan hjelpe dem med \u00e5 ta informerte beslutninger om prising og refusjon av nye helseteknologier. <\/p>\n<p><strong>Klinikere <\/strong>vil dra nytte av ASCERTAIN-prosjektets innsats for \u00e5 gj\u00f8re innovative helseteknologier akseptable (helsegevinst versus ressursbruk) og mer tilgjengelige. Dette vil bidra til \u00e5 sikre at pasientene f\u00e5r tilgang til de nyeste fremskrittene innen helsevesenet, noe som i sin tur vil forbedre kvaliteten p\u00e5 pasientbehandlingen. <\/p>\n<p><strong>Betalere og forsikringsselskaper <\/strong>vil dra nytte av ASCERTAIN-prosjektets ved tilgang til et \u00e5pent tilgjengelig beslutningsverkt\u00f8y. Prosjektet har som m\u00e5l \u00e5 hjelpe helsemyndigheter, forsikringsselskaper og leverand\u00f8rer av helsetjenester med \u00e5 ta informerte beslutninger om prising og refusjon av innovative helseteknologier. <\/p>\n<p>ASCERTAIN-prosjektet vil ogs\u00e5 komme <strong>allmennheten <\/strong>til gode. Prosjektets innsats for \u00e5 gj\u00f8re innovative helseteknologier akseptable (helsegevinst versus ressursbruk) og mer tilgjengelige vil bidra til \u00e5 sikre at offentlige midler brukes p\u00e5 en mest mulig effektiv m\u00e5te, og at pasientene f\u00e5r tilgang til de nyeste fremskrittene innen helsetjenester. <\/p>\n<p>[\/et_pb_text][\/et_pb_column][\/et_pb_row][\/et_pb_section][et_pb_section fb_built=&raquo;1&#8243; module_id=&raquo;kontakt&raquo; _builder_version=&raquo;4.20.2&#8243; _module_preset=&raquo;default&raquo; background_color=&raquo;#86B8BD&raquo; custom_margin=&raquo;||||false|false&raquo; custom_padding=&raquo;16px||75px||false|false&raquo; box_shadow_style=&raquo;preset7&#8243; box_shadow_horizontal=&raquo;0px&raquo; box_shadow_vertical=&raquo;-274px&raquo; box_shadow_color=&raquo;#FFFFFF&raquo; global_module=&raquo;910&#8243; saved_tabs=&raquo;all&raquo; global_colors_info=&raquo;{}&raquo;][et_pb_row _builder_version=&raquo;4.20.2&#8243; _module_preset=&raquo;default&raquo; global_colors_info=&raquo;{}&raquo;][et_pb_column type=&raquo;4_4&#8243; _builder_version=&raquo;4.20.2&#8243; _module_preset=&raquo;default&raquo; global_colors_info=&raquo;{}&raquo;][et_pb_text _builder_version=&raquo;4.20.2&#8243; _module_preset=&raquo;default&raquo; header_font=&raquo;Poppins semibold|||on|||||&raquo; header_font_size=&raquo;36px&raquo; custom_margin=&raquo;14px||23px||false|false&raquo; custom_margin_tablet=&raquo;&raquo; custom_margin_phone=&raquo;||30px||false|false&raquo; custom_margin_last_edited=&raquo;on|phone&raquo; header_font_size_phone=&raquo;24px&raquo; global_colors_info=&raquo;{}&raquo;]<\/p>\n<h1>Kontakt<\/h1>\n<p>[\/et_pb_text][et_pb_text _builder_version=&raquo;4.20.2&#8243; _module_preset=&raquo;default&raquo; text_font=&raquo;Poppins regular||||||||&raquo; text_text_color=&raquo;#393C84&#8243; text_font_size=&raquo;24px&raquo; text_line_height=&raquo;1.33em&raquo; module_alignment=&raquo;right&raquo; custom_margin=&raquo;||0px||false|false&raquo; text_font_size_tablet=&raquo;&raquo; text_font_size_phone=&raquo;18px&raquo; text_font_size_last_edited=&raquo;on|phone&raquo; global_colors_info=&raquo;{}&raquo;]<\/p>\n<p>Ta gjerne kontakt med oss hvis du har sp\u00f8rsm\u00e5l eller kommentarer! Vi svarer deg s\u00e5 snart som mulig. <\/p>\n<p>[\/et_pb_text][\/et_pb_column][\/et_pb_row][et_pb_row column_structure=&raquo;1_3,1_3,1_3&#8243; use_custom_gutter=&raquo;on&raquo; module_class=&raquo;tablet-three-cols&raquo; _builder_version=&raquo;4.20.2&#8243; _module_preset=&raquo;default&raquo; max_width_tablet=&raquo;980px&raquo; max_width_phone=&raquo;500px&raquo; max_width_last_edited=&raquo;on|phone&raquo; custom_padding=&raquo;0px|30px|0px|30px|false|true&raquo; global_colors_info=&raquo;{}&raquo; custom_css_main_element_last_edited=&raquo;on|phone&raquo; custom_css_main_element_tablet=&raquo;display:flex;&raquo; custom_css_main_element_phone=&raquo;display:flex; flex-direction:column;&raquo;][et_pb_column type=&raquo;1_3&#8243; _builder_version=&raquo;4.20.2&#8243; _module_preset=&raquo;be0fba28-f74a-4ba0-9a8d-9cd30aca805d&raquo; global_colors_info=&raquo;{}&raquo; custom_css_main_element_last_edited=&raquo;on|tablet&raquo; custom_css_main_element_tablet=&raquo;margin-bottom:0;&raquo; custom_css_main_element_phone=&raquo;margin-bottom:20px;&raquo;][et_pb_image src=&raquo;https:\/\/www.access2meds.eu\/wp-content\/uploads\/2023\/03\/Carin_Uyl-de-Groot.png&raquo; title_text=&raquo;Carin_Uyl-de-Groot&raquo; _builder_version=&raquo;4.20.2&#8243; _module_preset=&raquo;a348f9e0-d57b-4c22-b522-c52b784fe57f&raquo; global_colors_info=&raquo;{}&raquo;][\/et_pb_image][et_pb_text _builder_version=&raquo;4.20.2&#8243; _module_preset=&raquo;default&raquo; text_text_color=&raquo;#FFFFFF&raquo; link_text_color=&raquo;#FFFFFF&raquo; global_colors_info=&raquo;{}&raquo;]<\/p>\n<p>For forskningsrelaterte sp\u00f8rsm\u00e5l:<\/p>\n<p><strong>Carin Uyl-de Groot<\/strong><br \/>Prosjektkoordinator<\/p>\n<p>Erasmus University Rotterdam<br \/><a href=\"mailto:uyl@eshpm.eur.nl\">uyl@eshpm.eur.nl<\/a><br \/>Telefon +31 10 4081583 +31 10 4081583<\/p>\n<p>[\/et_pb_text][\/et_pb_column][et_pb_column type=&raquo;1_3&#8243; _builder_version=&raquo;4.20.2&#8243; _module_preset=&raquo;be0fba28-f74a-4ba0-9a8d-9cd30aca805d&raquo; background_color=&raquo;#393C84&#8243; global_colors_info=&raquo;{}&raquo; custom_css_main_element_last_edited=&raquo;on|phone&raquo; custom_css_main_element_tablet=&raquo;margin-bottom:0;&raquo; custom_css_main_element_phone=&raquo;margin-bottom:20px;&raquo;][et_pb_image src=&raquo;https:\/\/www.access2meds.eu\/wp-content\/uploads\/2023\/03\/Marcel-Langone-1.png&raquo; title_text=&raquo;Marcel-Langone&raquo; align=&raquo;center&raquo; _builder_version=&raquo;4.20.2&#8243; _module_preset=&raquo;a348f9e0-d57b-4c22-b522-c52b784fe57f&raquo; global_colors_info=&raquo;{}&raquo;][\/et_pb_image][et_pb_text _builder_version=&raquo;4.20.2&#8243; _module_preset=&raquo;default&raquo; text_text_color=&raquo;#FFFFFF&raquo; link_text_color=&raquo;#FFFFFF&raquo; global_colors_info=&raquo;{}&raquo;]<\/p>\n<p>For generelle prosjektsp\u00f8rsm\u00e5l:<\/p>\n<p><strong>Marcel Langone Marques<\/strong><br \/>Prosjektleder<\/p>\n<p>Erasmus University Rotterdam<br \/><a href=\"mailto:marcel.langonemarques@eur.nl\">marcel.langonemarques@eur.nl<\/a><br \/>Telefon +31 10 4081583 +31 10 4081583<\/p>\n<p>[\/et_pb_text][\/et_pb_column][et_pb_column type=&raquo;1_3&#8243; _builder_version=&raquo;4.20.2&#8243; _module_preset=&raquo;be0fba28-f74a-4ba0-9a8d-9cd30aca805d&raquo; background_color=&raquo;#048EA3&#8243; global_colors_info=&raquo;{}&raquo;][et_pb_image src=&raquo;https:\/\/www.access2meds.eu\/wp-content\/uploads\/2023\/06\/My-project-1-7.png&raquo; title_text=&raquo;Mitt prosjekt-1 (7)&raquo; _builder_version=&raquo;4.21.0&#8243; _module_preset=&raquo;a348f9e0-d57b-4c22-b522-c52b784fe57f&raquo; global_colors_info=&raquo;{}&raquo;][\/et_pb_image][et_pb_text _builder_version=&raquo;4.20.2&#8243; _module_preset=&raquo;default&raquo; text_text_color=&raquo;#FFFFFF&raquo; link_text_color=&raquo;#FFFFFF&raquo; global_colors_info=&raquo;{}&raquo;]<\/p>\n<p>For kommunikasjon:<\/p>\n<p><strong>Lena Jessen<\/strong><br \/>Prosjektleder<\/p>\n<p>OptiMedis<br \/><a href=\"mailto:l.jessen@optimedis.de\">l.jessen@optimedis.de<\/a><br \/>Telefon: +49 40 226211490<\/p>\n<p>[\/et_pb_text][\/et_pb_column][\/et_pb_row][\/et_pb_section]<\/p>\n","protected":false},"excerpt":{"rendered":"<p>P\u00e5virkning ASCERTAINs innvirkning p\u00e5 viktige interessenter i helsevesenetASCERTAIN-prosjektet retter seg mot flere interessenter i helsevesenet, hver med sine unike behov og m\u00e5l. ASCERTAIN gir industrien anbefalinger for helseteknologivurdering (HTA) og bidrar med ny kunnskap om verdiskaping, prising og tilgang. Prosjektet har som m\u00e5l \u00e5 hjelpe industrien med \u00e5 ta informerte beslutninger om hvor akseptable (helsegevinst versus ressursbruk) og b\u00e6rekraftige innovative helseteknologier (IHT-er) er. ASCERTAIN-prosjektet kommer pasientene til gode, ettersom det har som m\u00e5l \u00e5 gi raskere tilgang til IHT-er og rettferdig prising. Prosjektet har som m\u00e5l \u00e5 gj\u00f8re innovative helseteknologier akseptable (helsegevinst versus ressursbruk) og mer tilgjengelige, og s\u00f8rge for at pasientene kan dra nytte av de nyeste fremskrittene innen helsevesenet. ASCERTAIN-prosjektet er spesielt nyttig for forskere, ettersom det tilbyr \u00e5pen tilgang til data og et policyverkt\u00f8y for \u00e5pen tilgang. M\u00e5let med prosjektet er \u00e5 gi forskere verdifull innsikt i utviklingen av nye pris- og refusjonsmodeller og \u00e5 st\u00f8tte utviklingen av helseforskning. Besluttende myndigheter vil dra nytte av ASCERTAIN-prosjektets arbeid med \u00e5 tildele verdikoder til helseteknologier. Prosjektet har som m\u00e5l \u00e5 gi beslutningstagere informasjon som kan hjelpe dem med \u00e5 ta informerte beslutninger om prising og refusjon av nye helseteknologier. Reguleringsorganer vil dra nytte av ASCERTAIN-prosjektets arbeid med \u00e5 tildele [&hellip;]<\/p>\n","protected":false},"author":1,"featured_media":2560,"parent":0,"menu_order":0,"comment_status":"closed","ping_status":"closed","template":"","meta":{"_et_pb_use_builder":"on","_et_pb_old_content":"","_et_gb_content_width":"","footnotes":""},"class_list":["post-3551","page","type-page","status-publish","has-post-thumbnail","hentry"],"yoast_head":"<!-- This site is optimized with the Yoast SEO Premium plugin v23.8 (Yoast SEO v27.5) - https:\/\/yoast.com\/product\/yoast-seo-premium-wordpress\/ -->\n<title>P\u00e5virkning - ASCERTAIN<\/title>\n<meta name=\"description\" content=\"Forst\u00e5 hvordan ASCERTAIN hjelper viktige interessenter i helsevesenet med \u00e5 skape verdi, prising og tilgang.\" \/>\n<meta name=\"robots\" content=\"index, follow, max-snippet:-1, max-image-preview:large, max-video-preview:-1\" \/>\n<link rel=\"canonical\" href=\"https:\/\/www.access2meds.eu\/no\/pavirkning\/\" \/>\n<meta property=\"og:locale\" content=\"nb_NO\" \/>\n<meta property=\"og:type\" content=\"article\" \/>\n<meta property=\"og:title\" content=\"P\u00e5virkning\" \/>\n<meta property=\"og:description\" content=\"Forst\u00e5 hvordan ASCERTAIN hjelper viktige interessenter i helsevesenet med \u00e5 skape verdi, prising og tilgang.\" \/>\n<meta property=\"og:url\" content=\"https:\/\/www.access2meds.eu\/no\/pavirkning\/\" \/>\n<meta property=\"og:site_name\" content=\"ASCERTAIN\" \/>\n<meta property=\"article:modified_time\" content=\"2025-06-24T08:04:26+00:00\" \/>\n<meta property=\"og:image\" content=\"https:\/\/www.access2meds.eu\/wp-content\/uploads\/2023\/03\/Foto_1132274611_iStock_PeopleImages.jpg\" \/>\n\t<meta property=\"og:image:width\" content=\"1282\" \/>\n\t<meta property=\"og:image:height\" content=\"818\" \/>\n\t<meta property=\"og:image:type\" content=\"image\/jpeg\" \/>\n<meta name=\"twitter:card\" content=\"summary_large_image\" \/>\n<meta name=\"twitter:site\" content=\"@ASCERTAIN_EU\" \/>\n<meta name=\"twitter:label1\" content=\"Ansl. lesetid\" \/>\n\t<meta name=\"twitter:data1\" content=\"6 minutter\" \/>\n<script type=\"application\/ld+json\" class=\"yoast-schema-graph\">{\"@context\":\"https:\\\/\\\/schema.org\",\"@graph\":[{\"@type\":\"WebPage\",\"@id\":\"https:\\\/\\\/www.access2meds.eu\\\/no\\\/pavirkning\\\/\",\"url\":\"https:\\\/\\\/www.access2meds.eu\\\/no\\\/pavirkning\\\/\",\"name\":\"P\u00e5virkning - ASCERTAIN\",\"isPartOf\":{\"@id\":\"https:\\\/\\\/www.access2meds.eu\\\/#website\"},\"primaryImageOfPage\":{\"@id\":\"https:\\\/\\\/www.access2meds.eu\\\/no\\\/pavirkning\\\/#primaryimage\"},\"image\":{\"@id\":\"https:\\\/\\\/www.access2meds.eu\\\/no\\\/pavirkning\\\/#primaryimage\"},\"thumbnailUrl\":\"https:\\\/\\\/www.access2meds.eu\\\/wp-content\\\/uploads\\\/2023\\\/03\\\/Foto_1132274611_iStock_PeopleImages.jpg\",\"datePublished\":\"2023-03-03T16:32:40+00:00\",\"dateModified\":\"2025-06-24T08:04:26+00:00\",\"description\":\"Forst\u00e5 hvordan ASCERTAIN hjelper viktige interessenter i helsevesenet med \u00e5 skape verdi, prising og tilgang.\",\"breadcrumb\":{\"@id\":\"https:\\\/\\\/www.access2meds.eu\\\/no\\\/pavirkning\\\/#breadcrumb\"},\"inLanguage\":\"nb-NO\",\"potentialAction\":[{\"@type\":\"ReadAction\",\"target\":[\"https:\\\/\\\/www.access2meds.eu\\\/no\\\/pavirkning\\\/\"]}]},{\"@type\":\"ImageObject\",\"inLanguage\":\"nb-NO\",\"@id\":\"https:\\\/\\\/www.access2meds.eu\\\/no\\\/pavirkning\\\/#primaryimage\",\"url\":\"https:\\\/\\\/www.access2meds.eu\\\/wp-content\\\/uploads\\\/2023\\\/03\\\/Foto_1132274611_iStock_PeopleImages.jpg\",\"contentUrl\":\"https:\\\/\\\/www.access2meds.eu\\\/wp-content\\\/uploads\\\/2023\\\/03\\\/Foto_1132274611_iStock_PeopleImages.jpg\",\"width\":1282,\"height\":818},{\"@type\":\"BreadcrumbList\",\"@id\":\"https:\\\/\\\/www.access2meds.eu\\\/no\\\/pavirkning\\\/#breadcrumb\",\"itemListElement\":[{\"@type\":\"ListItem\",\"position\":1,\"name\":\"Startseite\",\"item\":\"https:\\\/\\\/www.access2meds.eu\\\/no\\\/startside\\\/\"},{\"@type\":\"ListItem\",\"position\":2,\"name\":\"P\u00e5virkning\"}]},{\"@type\":\"WebSite\",\"@id\":\"https:\\\/\\\/www.access2meds.eu\\\/#website\",\"url\":\"https:\\\/\\\/www.access2meds.eu\\\/\",\"name\":\"ASCERTAIN\",\"description\":\"IMPROVING ACCESS TO INNOVATIVE HEALTH TECHNOLOGIES\",\"publisher\":{\"@id\":\"https:\\\/\\\/www.access2meds.eu\\\/#organization\"},\"potentialAction\":[{\"@type\":\"SearchAction\",\"target\":{\"@type\":\"EntryPoint\",\"urlTemplate\":\"https:\\\/\\\/www.access2meds.eu\\\/?s={search_term_string}\"},\"query-input\":{\"@type\":\"PropertyValueSpecification\",\"valueRequired\":true,\"valueName\":\"search_term_string\"}}],\"inLanguage\":\"nb-NO\"},{\"@type\":\"Organization\",\"@id\":\"https:\\\/\\\/www.access2meds.eu\\\/#organization\",\"name\":\"ASCERTAIN\",\"url\":\"https:\\\/\\\/www.access2meds.eu\\\/\",\"logo\":{\"@type\":\"ImageObject\",\"inLanguage\":\"nb-NO\",\"@id\":\"https:\\\/\\\/www.access2meds.eu\\\/#\\\/schema\\\/logo\\\/image\\\/\",\"url\":\"https:\\\/\\\/www.access2meds.eu\\\/wp-content\\\/uploads\\\/2023\\\/02\\\/ASCERTAIN-logo.svg\",\"contentUrl\":\"https:\\\/\\\/www.access2meds.eu\\\/wp-content\\\/uploads\\\/2023\\\/02\\\/ASCERTAIN-logo.svg\",\"width\":1,\"height\":1,\"caption\":\"ASCERTAIN\"},\"image\":{\"@id\":\"https:\\\/\\\/www.access2meds.eu\\\/#\\\/schema\\\/logo\\\/image\\\/\"},\"sameAs\":[\"https:\\\/\\\/x.com\\\/ASCERTAIN_EU\",\"https:\\\/\\\/www.linkedin.com\\\/company\\\/ascertain-eu\\\/\",\"https:\\\/\\\/www.youtube.com\\\/@ascertainproject\"]}]}<\/script>\n<!-- \/ Yoast SEO Premium plugin. -->","yoast_head_json":{"title":"P\u00e5virkning - ASCERTAIN","description":"Forst\u00e5 hvordan ASCERTAIN hjelper viktige interessenter i helsevesenet med \u00e5 skape verdi, prising og tilgang.","robots":{"index":"index","follow":"follow","max-snippet":"max-snippet:-1","max-image-preview":"max-image-preview:large","max-video-preview":"max-video-preview:-1"},"canonical":"https:\/\/www.access2meds.eu\/no\/pavirkning\/","og_locale":"nb_NO","og_type":"article","og_title":"P\u00e5virkning","og_description":"Forst\u00e5 hvordan ASCERTAIN hjelper viktige interessenter i helsevesenet med \u00e5 skape verdi, prising og tilgang.","og_url":"https:\/\/www.access2meds.eu\/no\/pavirkning\/","og_site_name":"ASCERTAIN","article_modified_time":"2025-06-24T08:04:26+00:00","og_image":[{"width":1282,"height":818,"url":"https:\/\/www.access2meds.eu\/wp-content\/uploads\/2023\/03\/Foto_1132274611_iStock_PeopleImages.jpg","type":"image\/jpeg"}],"twitter_card":"summary_large_image","twitter_site":"@ASCERTAIN_EU","twitter_misc":{"Ansl. lesetid":"6 minutter"},"schema":{"@context":"https:\/\/schema.org","@graph":[{"@type":"WebPage","@id":"https:\/\/www.access2meds.eu\/no\/pavirkning\/","url":"https:\/\/www.access2meds.eu\/no\/pavirkning\/","name":"P\u00e5virkning - ASCERTAIN","isPartOf":{"@id":"https:\/\/www.access2meds.eu\/#website"},"primaryImageOfPage":{"@id":"https:\/\/www.access2meds.eu\/no\/pavirkning\/#primaryimage"},"image":{"@id":"https:\/\/www.access2meds.eu\/no\/pavirkning\/#primaryimage"},"thumbnailUrl":"https:\/\/www.access2meds.eu\/wp-content\/uploads\/2023\/03\/Foto_1132274611_iStock_PeopleImages.jpg","datePublished":"2023-03-03T16:32:40+00:00","dateModified":"2025-06-24T08:04:26+00:00","description":"Forst\u00e5 hvordan ASCERTAIN hjelper viktige interessenter i helsevesenet med \u00e5 skape verdi, prising og tilgang.","breadcrumb":{"@id":"https:\/\/www.access2meds.eu\/no\/pavirkning\/#breadcrumb"},"inLanguage":"nb-NO","potentialAction":[{"@type":"ReadAction","target":["https:\/\/www.access2meds.eu\/no\/pavirkning\/"]}]},{"@type":"ImageObject","inLanguage":"nb-NO","@id":"https:\/\/www.access2meds.eu\/no\/pavirkning\/#primaryimage","url":"https:\/\/www.access2meds.eu\/wp-content\/uploads\/2023\/03\/Foto_1132274611_iStock_PeopleImages.jpg","contentUrl":"https:\/\/www.access2meds.eu\/wp-content\/uploads\/2023\/03\/Foto_1132274611_iStock_PeopleImages.jpg","width":1282,"height":818},{"@type":"BreadcrumbList","@id":"https:\/\/www.access2meds.eu\/no\/pavirkning\/#breadcrumb","itemListElement":[{"@type":"ListItem","position":1,"name":"Startseite","item":"https:\/\/www.access2meds.eu\/no\/startside\/"},{"@type":"ListItem","position":2,"name":"P\u00e5virkning"}]},{"@type":"WebSite","@id":"https:\/\/www.access2meds.eu\/#website","url":"https:\/\/www.access2meds.eu\/","name":"ASCERTAIN","description":"IMPROVING ACCESS TO INNOVATIVE HEALTH TECHNOLOGIES","publisher":{"@id":"https:\/\/www.access2meds.eu\/#organization"},"potentialAction":[{"@type":"SearchAction","target":{"@type":"EntryPoint","urlTemplate":"https:\/\/www.access2meds.eu\/?s={search_term_string}"},"query-input":{"@type":"PropertyValueSpecification","valueRequired":true,"valueName":"search_term_string"}}],"inLanguage":"nb-NO"},{"@type":"Organization","@id":"https:\/\/www.access2meds.eu\/#organization","name":"ASCERTAIN","url":"https:\/\/www.access2meds.eu\/","logo":{"@type":"ImageObject","inLanguage":"nb-NO","@id":"https:\/\/www.access2meds.eu\/#\/schema\/logo\/image\/","url":"https:\/\/www.access2meds.eu\/wp-content\/uploads\/2023\/02\/ASCERTAIN-logo.svg","contentUrl":"https:\/\/www.access2meds.eu\/wp-content\/uploads\/2023\/02\/ASCERTAIN-logo.svg","width":1,"height":1,"caption":"ASCERTAIN"},"image":{"@id":"https:\/\/www.access2meds.eu\/#\/schema\/logo\/image\/"},"sameAs":["https:\/\/x.com\/ASCERTAIN_EU","https:\/\/www.linkedin.com\/company\/ascertain-eu\/","https:\/\/www.youtube.com\/@ascertainproject"]}]}},"_links":{"self":[{"href":"https:\/\/www.access2meds.eu\/no\/wp-json\/wp\/v2\/pages\/3551","targetHints":{"allow":["GET"]}}],"collection":[{"href":"https:\/\/www.access2meds.eu\/no\/wp-json\/wp\/v2\/pages"}],"about":[{"href":"https:\/\/www.access2meds.eu\/no\/wp-json\/wp\/v2\/types\/page"}],"author":[{"embeddable":true,"href":"https:\/\/www.access2meds.eu\/no\/wp-json\/wp\/v2\/users\/1"}],"replies":[{"embeddable":true,"href":"https:\/\/www.access2meds.eu\/no\/wp-json\/wp\/v2\/comments?post=3551"}],"version-history":[{"count":4,"href":"https:\/\/www.access2meds.eu\/no\/wp-json\/wp\/v2\/pages\/3551\/revisions"}],"predecessor-version":[{"id":4504,"href":"https:\/\/www.access2meds.eu\/no\/wp-json\/wp\/v2\/pages\/3551\/revisions\/4504"}],"wp:featuredmedia":[{"embeddable":true,"href":"https:\/\/www.access2meds.eu\/no\/wp-json\/wp\/v2\/media\/2560"}],"wp:attachment":[{"href":"https:\/\/www.access2meds.eu\/no\/wp-json\/wp\/v2\/media?parent=3551"}],"curies":[{"name":"wp","href":"https:\/\/api.w.org\/{rel}","templated":true}]}}