{"id":3834,"date":"2023-03-03T17:32:40","date_gmt":"2023-03-03T16:32:40","guid":{"rendered":"https:\/\/www.access2meds.eu\/impact\/"},"modified":"2025-06-24T10:05:27","modified_gmt":"2025-06-24T08:05:27","slug":"impact","status":"publish","type":"page","link":"https:\/\/www.access2meds.eu\/nl\/impact\/","title":{"rendered":"Impact"},"content":{"rendered":"<p>[et_pb_section fb_built=&#8221;1&#8243; admin_label=&#8221;Header&#8221; _builder_version=&#8221;4.27.4&#8243; _module_preset=&#8221;2e264158-b54d-4d7f-8146-8c8b7ca64cef&#8221; background_image=&#8221;https:\/\/www.access2meds.eu\/wp-content\/uploads\/2023\/03\/Foto_1132274611_iStock_PeopleImages.jpg&#8221; background_position=&#8221;top_center&#8221; hover_enabled=&#8221;0&#8243; global_colors_info=&#8221;{}&#8221; background_last_edited=&#8221;on|phone&#8221; sticky_enabled=&#8221;0&#8243; title_text=&#8221;Mobile Header&#8221; background_image_phone=&#8221;https:\/\/www.access2meds.eu\/wp-content\/uploads\/2025\/06\/Mobile-Header.png&#8221; background_enable_image_phone=&#8221;on&#8221;][et_pb_row _builder_version=&#8221;4.20.0&#8243; _module_preset=&#8221;default&#8221; custom_padding=&#8221;7px|30px||30px|false|true&#8221; global_colors_info=&#8221;{}&#8221;][et_pb_column type=&#8221;4_4&#8243; _builder_version=&#8221;4.20.0&#8243; _module_preset=&#8221;default&#8221; global_colors_info=&#8221;{}&#8221;][et_pb_text _builder_version=&#8221;4.20.2&#8243; _module_preset=&#8221;default&#8221; header_font=&#8221;|700||on|||||&#8221; header_font_size=&#8221;80px&#8221; custom_margin=&#8221;11px||||false|false&#8221; global_colors_info=&#8221;{}&#8221;]<\/p>\n<h1><span style=\"color: #e95f6c;\">Impact<\/span> <\/h1>\n<p>[\/et_pb_text][\/et_pb_column][\/et_pb_row][\/et_pb_section][et_pb_section fb_built=&#8221;1&#8243; _builder_version=&#8221;4.20.2&#8243; _module_preset=&#8221;default&#8221; background_color=&#8221;#e1e2ed&#8221; custom_margin=&#8221;||||false|false&#8221; custom_padding=&#8221;||37px||false|false&#8221; global_colors_info=&#8221;{}&#8221;][et_pb_row module_class=&#8221;rowmitklapptext&#8221; _builder_version=&#8221;4.20.0&#8243; _module_preset=&#8221;default&#8221; global_colors_info=&#8221;{}&#8221;][et_pb_column type=&#8221;4_4&#8243; _builder_version=&#8221;4.20.0&#8243; _module_preset=&#8221;default&#8221; global_colors_info=&#8221;{}&#8221;][et_pb_text _builder_version=&#8221;4.20.2&#8243; _module_preset=&#8221;default&#8221; header_2_font=&#8221;|600||on|||||&#8221; global_colors_info=&#8221;{}&#8221;]<\/p>\n<h2>Invloed van ASCERTAIN op belangrijke belanghebbenden in de gezondheidszorg<\/h2>\n<p>[\/et_pb_text][et_pb_text _builder_version=&#8221;4.20.2&#8243; _module_preset=&#8221;default&#8221; global_colors_info=&#8221;{}&#8221;]<\/p>\n<p>Het ASCERTAIN-project richt zich op meerdere belanghebbenden in de gezondheidszorg, elk met unieke behoeften en doelen.<\/p>\n<p>Voor <strong>leden van de industrie<\/strong> biedt ASCERTAIN aanbevelingen voor Health Technology Assessment (HTA) en levert het nieuwe kennis over waardecreatie, prijsstelling en toegang. Het project is bedoeld om de industrie te helpen ge\u00efnformeerde beslissingen te nemen over de betaalbaarheid en duurzaamheid van innovatieve gezondheidstechnologie\u00ebn (IHT&#8217;s). <\/p>\n<p><strong>Pati\u00ebnten<\/strong> profiteren van het ASCERTAIN-project omdat het gericht is op snellere toegang tot IHT&#8217;s en eerlijke prijzen. Het project wil de betaalbaarheid en toegankelijkheid van innovatieve gezondheidstechnologie\u00ebn verbeteren en ervoor zorgen dat pati\u00ebnten kunnen profiteren van de nieuwste ontwikkelingen in de gezondheidszorg. <\/p>\n<p><strong>Onderzoekers<\/strong> zullen het ASCERTAIN-project bijzonder nuttig vinden omdat het open toegang biedt tot gegevens en een beleidsinstrument voor open toegang. Het doel van het project is om onderzoekers waardevolle inzichten te geven in de ontwikkeling van nieuwe prijs- en vergoedingsmodellen en om de vooruitgang van onderzoek in de gezondheidszorg te ondersteunen. <\/p>\n<p><strong>Beleidsmakers en overheden<\/strong> zullen baat hebben bij de aanbevelingen van het ASCERTAIN-project voor modellering van kosteneffectiviteit, vergoeding en budgetimpact. Het project biedt beleidsondersteunende hulpmiddelen die de besluitvorming op overheidsniveau kunnen informeren en helpen om ervoor te zorgen dat publieke middelen op de meest effectieve manier worden gebruikt. <\/p>\n<p><strong>Regelgevende<\/strong> instanties zullen profiteren van de inspanningen van het ASCERTAIN-project om waarde toe te kennen aan gezondheidstechnologie\u00ebn. Het project streeft ernaar regelgevende instanties te voorzien van informatie die hen kan helpen ge\u00efnformeerde beslissingen te nemen over de prijsstelling en vergoeding van nieuwe gezondheidstechnologie\u00ebn. <\/p>\n<p><strong>Artsen<\/strong> zullen profiteren van de inspanningen van het ASCERTAIN-project om de betaalbaarheid en toegankelijkheid van innovatieve gezondheidstechnologie\u00ebn te verbeteren. Dit zal ertoe bijdragen dat pati\u00ebnten toegang krijgen tot de nieuwste ontwikkelingen in de gezondheidszorg, wat op zijn beurt de kwaliteit van de zorg voor pati\u00ebnten zal verbeteren. <\/p>\n<p><strong>Betalers en verzekeringsmaatschappijen<\/strong> zullen profiteren van de inspanningen van het ASCERTAIN-project om een uitgebreid beleidsondersteunend instrument te bieden. Het project is bedoeld om gezondheidsautoriteiten, verzekeraars en zorgverleners te helpen bij het nemen van ge\u00efnformeerde beslissingen over de prijsstelling en vergoeding van innovatieve gezondheidstechnologie\u00ebn. <\/p>\n<p>Ook het <strong>grote publiek<\/strong> zal profiteren van het ASCERTAIN-project. De inspanningen van het project om de betaalbaarheid en toegankelijkheid van innovatieve gezondheidstechnologie\u00ebn te verbeteren, zullen ervoor zorgen dat overheidsgeld zo effectief mogelijk wordt gebruikt en dat pati\u00ebnten toegang hebben tot de nieuwste ontwikkelingen in de gezondheidszorg. <\/p>\n<p>[\/et_pb_text][\/et_pb_column][\/et_pb_row][\/et_pb_section][et_pb_section fb_built=&#8221;1&#8243; module_id=&#8221;Contact&#8221; _builder_version=&#8221;4.20.2&#8243; _module_preset=&#8221;default&#8221; background_color=&#8221;#86B8BD&#8221; custom_margin=&#8221;||||false|false&#8221; custom_padding=&#8221;16px||75px||false|false&#8221; box_shadow_style=&#8221;preset7&#8243; box_shadow_horizontal=&#8221;0px&#8221; box_shadow_vertical=&#8221;-274px&#8221; box_shadow_color=&#8221;#FFFFFF&#8221; global_module=&#8221;910&#8243; saved_tabs=&#8221;all&#8221; global_colors_info=&#8221;{}&#8221;][et_pb_row _builder_version=&#8221;4.20.2&#8243; _module_preset=&#8221;default&#8221; global_colors_info=&#8221;{}&#8221;][et_pb_column type=&#8221;4_4&#8243; _builder_version=&#8221;4.20.2&#8243; _module_preset=&#8221;default&#8221; global_colors_info=&#8221;{}&#8221;][et_pb_text _builder_version=&#8221;4.20.2&#8243; _module_preset=&#8221;default&#8221; header_font=&#8221;Poppins semibold|||on|||||&#8221; header_font_size=&#8221;36px&#8221; custom_margin=&#8221;14px||23px||false|false&#8221; custom_margin_tablet=&#8221;&#8221; custom_margin_phone=&#8221;||30px||false|false&#8221; custom_margin_last_edited=&#8221;on|phone&#8221; header_font_size_phone=&#8221;24px&#8221; global_colors_info=&#8221;{}&#8221;]<\/p>\n<h1>Contact<\/h1>\n<p>[\/et_pb_text][et_pb_text _builder_version=&#8221;4.20.2&#8243; _module_preset=&#8221;default&#8221; text_font=&#8221;Poppins regular||||||||&#8221; text_text_color=&#8221;#393C84&#8243; text_font_size=&#8221;24px&#8221; text_line_height=&#8221;1.33em&#8221; module_alignment=&#8221;right&#8221; custom_margin=&#8221;||0px||false|false&#8221; text_font_size_tablet=&#8221;&#8221; text_font_size_phone=&#8221;18px&#8221; text_font_size_last_edited=&#8221;on|phone&#8221; global_colors_info=&#8221;{}&#8221;]<\/p>\n<p>Neem contact met ons op als je vragen of opmerkingen hebt! We nemen zo snel mogelijk contact met je op. <\/p>\n<p>[\/et_pb_text][\/et_pb_column][\/et_pb_row][et_pb_row column_structure=&#8221;1_3,1_3,1_3&#8243; use_custom_gutter=&#8221;on&#8221; module_class=&#8221;tablet-three-cols&#8221; _builder_version=&#8221;4.20.2&#8243; _module_preset=&#8221;default&#8221; max_width_tablet=&#8221;980px&#8221; max_width_phone=&#8221;500px&#8221; max_width_last_edited=&#8221;on|phone&#8221; custom_padding=&#8221;0px|30px|0px|30px|false|true&#8221; global_colors_info=&#8221;{}&#8221; custom_css_main_element_last_edited=&#8221;on|phone&#8221; custom_css_main_element_tablet=&#8221;display:flex;&#8221; custom_css_main_element_phone=&#8221;display:flex; flex-direction:column;&#8221;][et_pb_column type=&#8221;1_3&#8243; _builder_version=&#8221;4.20.2&#8243; _module_preset=&#8221;be0fba28-f74a-4ba0-9a8d-9cd30aca805d&#8221; global_colors_info=&#8221;{}&#8221; custom_css_main_element_last_edited=&#8221;on|tablet&#8221; custom_css_main_element_tablet=&#8221;margin-bottom:0;&#8221; custom_css_main_element_phone=&#8221;margin-bottom:20px;&#8221;][et_pb_image src=&#8221;https:\/\/www.access2meds.eu\/wp-content\/uploads\/2023\/03\/Carin_Uyl-de-Groot.png&#8221; title_text=&#8221;Carin_Uyl-de-Groot&#8221; _builder_version=&#8221;4.20.2&#8243; _module_preset=&#8221;a348f9e0-d57b-4c22-b522-c52b784fe57f&#8221; global_colors_info=&#8221;{}&#8221;][\/et_pb_image][et_pb_text _builder_version=&#8221;4.20.2&#8243; _module_preset=&#8221;default&#8221; text_text_color=&#8221;#FFFFFF&#8221; link_text_color=&#8221;#FFFFFF&#8221; global_colors_info=&#8221;{}&#8221;]<\/p>\n<p>Voor onderzoeksgerelateerde vragen:<\/p>\n<p><strong>Carin Uyl-de Groot<\/strong><br \/>Projectco\u00f6rdinator<\/p>\n<p>Erasmus Universiteit Rotterdam<br \/><a href=\"mailto:uyl@eshpm.eur.nl\">uyl@eshpm.eur.nl<\/a><br \/>Telefoon: +31 10 4081583<\/p>\n<p>[\/et_pb_text][\/et_pb_column][et_pb_column type=&#8221;1_3&#8243; _builder_version=&#8221;4.20.2&#8243; _module_preset=&#8221;be0fba28-f74a-4ba0-9a8d-9cd30aca805d&#8221; background_color=&#8221;#393C84&#8243; global_colors_info=&#8221;{}&#8221; custom_css_main_element_last_edited=&#8221;on|phone&#8221; custom_css_main_element_tablet=&#8221;margin-bottom:0;&#8221; custom_css_main_element_phone=&#8221;margin-bottom:20px;&#8221;][et_pb_image src=&#8221;https:\/\/www.access2meds.eu\/wp-content\/uploads\/2023\/03\/Marcel-Langone-1.png&#8221; title_text=&#8221;Marcel-Langone&#8221; align=&#8221;center&#8221; _builder_version=&#8221;4.20.2&#8243; _module_preset=&#8221;a348f9e0-d57b-4c22-b522-c52b784fe57f&#8221; global_colors_info=&#8221;{}&#8221;][\/et_pb_image][et_pb_text _builder_version=&#8221;4.20.2&#8243; _module_preset=&#8221;default&#8221; text_text_color=&#8221;#FFFFFF&#8221; link_text_color=&#8221;#FFFFFF&#8221; global_colors_info=&#8221;{}&#8221;]<\/p>\n<p>Voor algemene projectvragen:<\/p>\n<p><strong>Marcel Langone Marques<\/strong><br \/>Projectmanager<\/p>\n<p>Erasmus Universiteit Rotterdam<br \/><a href=\"mailto:marcel.langonemarques@eur.nl\">marcel.langonemarques@eur.nl<\/a><br \/>Telefoon: +31 10 4081583<\/p>\n<p>[\/et_pb_text][\/et_pb_column][et_pb_column type=&#8221;1_3&#8243; _builder_version=&#8221;4.20.2&#8243; _module_preset=&#8221;be0fba28-f74a-4ba0-9a8d-9cd30aca805d&#8221; background_color=&#8221;#048EA3&#8243; global_colors_info=&#8221;{}&#8221;][et_pb_image src=&#8221;https:\/\/www.access2meds.eu\/wp-content\/uploads\/2023\/06\/My-project-1-7.png&#8221; title_text=&#8221;Mijn project-1 (7)&#8221; _builder_version=&#8221;4.21.0&#8243; _module_preset=&#8221;a348f9e0-d57b-4c22-b522-c52b784fe57f&#8221; global_colors_info=&#8221;{}&#8221;][\/et_pb_image][et_pb_text _builder_version=&#8221;4.20.2&#8243; _module_preset=&#8221;default&#8221; text_text_color=&#8221;#FFFFFF&#8221; link_text_color=&#8221;#FFFFFF&#8221; global_colors_info=&#8221;{}&#8221;]<\/p>\n<p>Voor communicatie:<\/p>\n<p><strong>Lena Jessen<\/strong><br \/>Projectmanager<\/p>\n<p>OptiMedis<br \/><a href=\"mailto:l.jessen@optimedis.de\">l.jessen@optimedis.de<\/a><br \/>Telefoon: +49 40 226211490<\/p>\n<p>[\/et_pb_text][\/et_pb_column][\/et_pb_row][\/et_pb_section]<\/p>\n","protected":false},"excerpt":{"rendered":"<p>Impact Invloed van ASCERTAIN op belangrijke belanghebbenden in de gezondheidszorgHet ASCERTAIN-project richt zich op meerdere belanghebbenden in de gezondheidszorg, elk met unieke behoeften en doelen. Voor leden van de industrie biedt ASCERTAIN aanbevelingen voor Health Technology Assessment (HTA) en levert het nieuwe kennis over waardecreatie, prijsstelling en toegang. Het project is bedoeld om de industrie te helpen ge\u00efnformeerde beslissingen te nemen over de betaalbaarheid en duurzaamheid van innovatieve gezondheidstechnologie\u00ebn (IHT&#8217;s). Pati\u00ebnten profiteren van het ASCERTAIN-project omdat het gericht is op snellere toegang tot IHT&#8217;s en eerlijke prijzen. Het project wil de betaalbaarheid en toegankelijkheid van innovatieve gezondheidstechnologie\u00ebn verbeteren en ervoor zorgen dat pati\u00ebnten kunnen profiteren van de nieuwste ontwikkelingen in de gezondheidszorg. Onderzoekers zullen het ASCERTAIN-project bijzonder nuttig vinden omdat het open toegang biedt tot gegevens en een beleidsinstrument voor open toegang. Het doel van het project is om onderzoekers waardevolle inzichten te geven in de ontwikkeling van nieuwe prijs- en vergoedingsmodellen en om de vooruitgang van onderzoek in de gezondheidszorg te ondersteunen. Beleidsmakers en overheden zullen baat hebben bij de aanbevelingen van het ASCERTAIN-project voor modellering van kosteneffectiviteit, vergoeding en budgetimpact. Het project biedt beleidsondersteunende hulpmiddelen die de besluitvorming op overheidsniveau kunnen informeren en helpen om ervoor te zorgen [&hellip;]<\/p>\n","protected":false},"author":1,"featured_media":3835,"parent":0,"menu_order":0,"comment_status":"closed","ping_status":"closed","template":"","meta":{"_et_pb_use_builder":"on","_et_pb_old_content":"","_et_gb_content_width":"","footnotes":""},"class_list":["post-3834","page","type-page","status-publish","has-post-thumbnail","hentry"],"yoast_head":"<!-- This site is optimized with the Yoast SEO Premium plugin v23.8 (Yoast SEO v27.4) - https:\/\/yoast.com\/product\/yoast-seo-premium-wordpress\/ -->\n<title>Impact - ASCERTAIN<\/title>\n<meta name=\"description\" content=\"Begrijp hoe ASCERTAIN de belangrijkste belanghebbenden in de gezondheidszorg helpt bij het cre\u00ebren van waarde, prijzen en toegang.\" \/>\n<meta name=\"robots\" content=\"index, follow, max-snippet:-1, max-image-preview:large, max-video-preview:-1\" \/>\n<link rel=\"canonical\" href=\"https:\/\/www.access2meds.eu\/nl\/impact\/\" \/>\n<meta property=\"og:locale\" content=\"nl_NL\" \/>\n<meta property=\"og:type\" content=\"article\" \/>\n<meta property=\"og:title\" content=\"Impact\" \/>\n<meta property=\"og:description\" content=\"Begrijp hoe ASCERTAIN de belangrijkste belanghebbenden in de gezondheidszorg helpt bij het cre\u00ebren van waarde, prijzen en toegang.\" \/>\n<meta property=\"og:url\" content=\"https:\/\/www.access2meds.eu\/nl\/impact\/\" \/>\n<meta property=\"og:site_name\" content=\"ASCERTAIN\" \/>\n<meta property=\"article:modified_time\" content=\"2025-06-24T08:05:27+00:00\" \/>\n<meta property=\"og:image\" content=\"https:\/\/www.access2meds.eu\/wp-content\/uploads\/2023\/03\/Foto_1132274611_iStock_PeopleImages.jpg\" \/>\n\t<meta property=\"og:image:width\" content=\"1282\" \/>\n\t<meta property=\"og:image:height\" content=\"818\" \/>\n\t<meta property=\"og:image:type\" content=\"image\/jpeg\" \/>\n<meta name=\"twitter:card\" content=\"summary_large_image\" \/>\n<meta name=\"twitter:site\" content=\"@ASCERTAIN_EU\" \/>\n<meta name=\"twitter:label1\" content=\"Geschatte leestijd\" \/>\n\t<meta name=\"twitter:data1\" content=\"6 minuten\" \/>\n<script type=\"application\/ld+json\" class=\"yoast-schema-graph\">{\"@context\":\"https:\\\/\\\/schema.org\",\"@graph\":[{\"@type\":\"WebPage\",\"@id\":\"https:\\\/\\\/www.access2meds.eu\\\/nl\\\/impact\\\/\",\"url\":\"https:\\\/\\\/www.access2meds.eu\\\/nl\\\/impact\\\/\",\"name\":\"Impact - ASCERTAIN\",\"isPartOf\":{\"@id\":\"https:\\\/\\\/www.access2meds.eu\\\/#website\"},\"primaryImageOfPage\":{\"@id\":\"https:\\\/\\\/www.access2meds.eu\\\/nl\\\/impact\\\/#primaryimage\"},\"image\":{\"@id\":\"https:\\\/\\\/www.access2meds.eu\\\/nl\\\/impact\\\/#primaryimage\"},\"thumbnailUrl\":\"https:\\\/\\\/www.access2meds.eu\\\/wp-content\\\/uploads\\\/2023\\\/03\\\/Foto_1132274611_iStock_PeopleImages.jpg\",\"datePublished\":\"2023-03-03T16:32:40+00:00\",\"dateModified\":\"2025-06-24T08:05:27+00:00\",\"description\":\"Begrijp hoe ASCERTAIN de belangrijkste belanghebbenden in de gezondheidszorg helpt bij het cre\u00ebren van waarde, prijzen en toegang.\",\"breadcrumb\":{\"@id\":\"https:\\\/\\\/www.access2meds.eu\\\/nl\\\/impact\\\/#breadcrumb\"},\"inLanguage\":\"nl-NL\",\"potentialAction\":[{\"@type\":\"ReadAction\",\"target\":[\"https:\\\/\\\/www.access2meds.eu\\\/nl\\\/impact\\\/\"]}]},{\"@type\":\"ImageObject\",\"inLanguage\":\"nl-NL\",\"@id\":\"https:\\\/\\\/www.access2meds.eu\\\/nl\\\/impact\\\/#primaryimage\",\"url\":\"https:\\\/\\\/www.access2meds.eu\\\/wp-content\\\/uploads\\\/2023\\\/03\\\/Foto_1132274611_iStock_PeopleImages.jpg\",\"contentUrl\":\"https:\\\/\\\/www.access2meds.eu\\\/wp-content\\\/uploads\\\/2023\\\/03\\\/Foto_1132274611_iStock_PeopleImages.jpg\",\"width\":1282,\"height\":818,\"caption\":\"impact on key stakeholders in healthcare\"},{\"@type\":\"BreadcrumbList\",\"@id\":\"https:\\\/\\\/www.access2meds.eu\\\/nl\\\/impact\\\/#breadcrumb\",\"itemListElement\":[{\"@type\":\"ListItem\",\"position\":1,\"name\":\"Startseite\",\"item\":\"https:\\\/\\\/www.access2meds.eu\\\/nl\\\/startpagina\\\/\"},{\"@type\":\"ListItem\",\"position\":2,\"name\":\"Impact\"}]},{\"@type\":\"WebSite\",\"@id\":\"https:\\\/\\\/www.access2meds.eu\\\/#website\",\"url\":\"https:\\\/\\\/www.access2meds.eu\\\/\",\"name\":\"ASCERTAIN\",\"description\":\"IMPROVING ACCESS TO INNOVATIVE HEALTH TECHNOLOGIES\",\"publisher\":{\"@id\":\"https:\\\/\\\/www.access2meds.eu\\\/#organization\"},\"potentialAction\":[{\"@type\":\"SearchAction\",\"target\":{\"@type\":\"EntryPoint\",\"urlTemplate\":\"https:\\\/\\\/www.access2meds.eu\\\/?s={search_term_string}\"},\"query-input\":{\"@type\":\"PropertyValueSpecification\",\"valueRequired\":true,\"valueName\":\"search_term_string\"}}],\"inLanguage\":\"nl-NL\"},{\"@type\":\"Organization\",\"@id\":\"https:\\\/\\\/www.access2meds.eu\\\/#organization\",\"name\":\"ASCERTAIN\",\"url\":\"https:\\\/\\\/www.access2meds.eu\\\/\",\"logo\":{\"@type\":\"ImageObject\",\"inLanguage\":\"nl-NL\",\"@id\":\"https:\\\/\\\/www.access2meds.eu\\\/#\\\/schema\\\/logo\\\/image\\\/\",\"url\":\"https:\\\/\\\/www.access2meds.eu\\\/wp-content\\\/uploads\\\/2023\\\/02\\\/ASCERTAIN-logo.svg\",\"contentUrl\":\"https:\\\/\\\/www.access2meds.eu\\\/wp-content\\\/uploads\\\/2023\\\/02\\\/ASCERTAIN-logo.svg\",\"width\":1,\"height\":1,\"caption\":\"ASCERTAIN\"},\"image\":{\"@id\":\"https:\\\/\\\/www.access2meds.eu\\\/#\\\/schema\\\/logo\\\/image\\\/\"},\"sameAs\":[\"https:\\\/\\\/x.com\\\/ASCERTAIN_EU\",\"https:\\\/\\\/www.linkedin.com\\\/company\\\/ascertain-eu\\\/\",\"https:\\\/\\\/www.youtube.com\\\/@ascertainproject\"]}]}<\/script>\n<!-- \/ Yoast SEO Premium plugin. -->","yoast_head_json":{"title":"Impact - ASCERTAIN","description":"Begrijp hoe ASCERTAIN de belangrijkste belanghebbenden in de gezondheidszorg helpt bij het cre\u00ebren van waarde, prijzen en toegang.","robots":{"index":"index","follow":"follow","max-snippet":"max-snippet:-1","max-image-preview":"max-image-preview:large","max-video-preview":"max-video-preview:-1"},"canonical":"https:\/\/www.access2meds.eu\/nl\/impact\/","og_locale":"nl_NL","og_type":"article","og_title":"Impact","og_description":"Begrijp hoe ASCERTAIN de belangrijkste belanghebbenden in de gezondheidszorg helpt bij het cre\u00ebren van waarde, prijzen en toegang.","og_url":"https:\/\/www.access2meds.eu\/nl\/impact\/","og_site_name":"ASCERTAIN","article_modified_time":"2025-06-24T08:05:27+00:00","og_image":[{"width":1282,"height":818,"url":"https:\/\/www.access2meds.eu\/wp-content\/uploads\/2023\/03\/Foto_1132274611_iStock_PeopleImages.jpg","type":"image\/jpeg"}],"twitter_card":"summary_large_image","twitter_site":"@ASCERTAIN_EU","twitter_misc":{"Geschatte leestijd":"6 minuten"},"schema":{"@context":"https:\/\/schema.org","@graph":[{"@type":"WebPage","@id":"https:\/\/www.access2meds.eu\/nl\/impact\/","url":"https:\/\/www.access2meds.eu\/nl\/impact\/","name":"Impact - ASCERTAIN","isPartOf":{"@id":"https:\/\/www.access2meds.eu\/#website"},"primaryImageOfPage":{"@id":"https:\/\/www.access2meds.eu\/nl\/impact\/#primaryimage"},"image":{"@id":"https:\/\/www.access2meds.eu\/nl\/impact\/#primaryimage"},"thumbnailUrl":"https:\/\/www.access2meds.eu\/wp-content\/uploads\/2023\/03\/Foto_1132274611_iStock_PeopleImages.jpg","datePublished":"2023-03-03T16:32:40+00:00","dateModified":"2025-06-24T08:05:27+00:00","description":"Begrijp hoe ASCERTAIN de belangrijkste belanghebbenden in de gezondheidszorg helpt bij het cre\u00ebren van waarde, prijzen en toegang.","breadcrumb":{"@id":"https:\/\/www.access2meds.eu\/nl\/impact\/#breadcrumb"},"inLanguage":"nl-NL","potentialAction":[{"@type":"ReadAction","target":["https:\/\/www.access2meds.eu\/nl\/impact\/"]}]},{"@type":"ImageObject","inLanguage":"nl-NL","@id":"https:\/\/www.access2meds.eu\/nl\/impact\/#primaryimage","url":"https:\/\/www.access2meds.eu\/wp-content\/uploads\/2023\/03\/Foto_1132274611_iStock_PeopleImages.jpg","contentUrl":"https:\/\/www.access2meds.eu\/wp-content\/uploads\/2023\/03\/Foto_1132274611_iStock_PeopleImages.jpg","width":1282,"height":818,"caption":"impact on key stakeholders in healthcare"},{"@type":"BreadcrumbList","@id":"https:\/\/www.access2meds.eu\/nl\/impact\/#breadcrumb","itemListElement":[{"@type":"ListItem","position":1,"name":"Startseite","item":"https:\/\/www.access2meds.eu\/nl\/startpagina\/"},{"@type":"ListItem","position":2,"name":"Impact"}]},{"@type":"WebSite","@id":"https:\/\/www.access2meds.eu\/#website","url":"https:\/\/www.access2meds.eu\/","name":"ASCERTAIN","description":"IMPROVING ACCESS TO INNOVATIVE HEALTH TECHNOLOGIES","publisher":{"@id":"https:\/\/www.access2meds.eu\/#organization"},"potentialAction":[{"@type":"SearchAction","target":{"@type":"EntryPoint","urlTemplate":"https:\/\/www.access2meds.eu\/?s={search_term_string}"},"query-input":{"@type":"PropertyValueSpecification","valueRequired":true,"valueName":"search_term_string"}}],"inLanguage":"nl-NL"},{"@type":"Organization","@id":"https:\/\/www.access2meds.eu\/#organization","name":"ASCERTAIN","url":"https:\/\/www.access2meds.eu\/","logo":{"@type":"ImageObject","inLanguage":"nl-NL","@id":"https:\/\/www.access2meds.eu\/#\/schema\/logo\/image\/","url":"https:\/\/www.access2meds.eu\/wp-content\/uploads\/2023\/02\/ASCERTAIN-logo.svg","contentUrl":"https:\/\/www.access2meds.eu\/wp-content\/uploads\/2023\/02\/ASCERTAIN-logo.svg","width":1,"height":1,"caption":"ASCERTAIN"},"image":{"@id":"https:\/\/www.access2meds.eu\/#\/schema\/logo\/image\/"},"sameAs":["https:\/\/x.com\/ASCERTAIN_EU","https:\/\/www.linkedin.com\/company\/ascertain-eu\/","https:\/\/www.youtube.com\/@ascertainproject"]}]}},"_links":{"self":[{"href":"https:\/\/www.access2meds.eu\/nl\/wp-json\/wp\/v2\/pages\/3834","targetHints":{"allow":["GET"]}}],"collection":[{"href":"https:\/\/www.access2meds.eu\/nl\/wp-json\/wp\/v2\/pages"}],"about":[{"href":"https:\/\/www.access2meds.eu\/nl\/wp-json\/wp\/v2\/types\/page"}],"author":[{"embeddable":true,"href":"https:\/\/www.access2meds.eu\/nl\/wp-json\/wp\/v2\/users\/1"}],"replies":[{"embeddable":true,"href":"https:\/\/www.access2meds.eu\/nl\/wp-json\/wp\/v2\/comments?post=3834"}],"version-history":[{"count":12,"href":"https:\/\/www.access2meds.eu\/nl\/wp-json\/wp\/v2\/pages\/3834\/revisions"}],"predecessor-version":[{"id":4509,"href":"https:\/\/www.access2meds.eu\/nl\/wp-json\/wp\/v2\/pages\/3834\/revisions\/4509"}],"wp:featuredmedia":[{"embeddable":true,"href":"https:\/\/www.access2meds.eu\/nl\/wp-json\/wp\/v2\/media\/3835"}],"wp:attachment":[{"href":"https:\/\/www.access2meds.eu\/nl\/wp-json\/wp\/v2\/media?parent=3834"}],"curies":[{"name":"wp","href":"https:\/\/api.w.org\/{rel}","templated":true}]}}