{"id":3666,"date":"2023-03-03T17:32:40","date_gmt":"2023-03-03T16:32:40","guid":{"rendered":"https:\/\/www.access2meds.eu\/utjecaj\/"},"modified":"2025-06-24T09:55:21","modified_gmt":"2025-06-24T07:55:21","slug":"utjecaj","status":"publish","type":"page","link":"https:\/\/www.access2meds.eu\/hr\/utjecaj\/","title":{"rendered":"Utjecaj"},"content":{"rendered":"<p>[et_pb_section fb_built=&#8221;1&#8243; admin_label=&#8221;Header&#8221; _builder_version=&#8221;4.27.4&#8243; _module_preset=&#8221;2e264158-b54d-4d7f-8146-8c8b7ca64cef&#8221; background_image=&#8221;https:\/\/www.access2meds.eu\/wp-content\/uploads\/2023\/03\/Foto_1132274611_iStock_PeopleImages.jpg&#8221; background_position=&#8221;top_center&#8221; hover_enabled=&#8221;0&#8243; global_colors_info=&#8221;{}&#8221; background_last_edited=&#8221;on|phone&#8221; sticky_enabled=&#8221;0&#8243; title_text=&#8221;Mobile Header&#8221; background_image_phone=&#8221;https:\/\/www.access2meds.eu\/wp-content\/uploads\/2025\/06\/Mobile-Header.png&#8221; background_enable_image_phone=&#8221;on&#8221;][et_pb_row _builder_version=&#8221;4.20.0&#8243; _module_preset=&#8221;default&#8221; custom_padding=&#8221;7px|30px||30px|false|true&#8221; global_colors_info=&#8221;{}&#8221;][et_pb_column type=&#8221;4_4&#8243; _builder_version=&#8221;4.20.0&#8243; _module_preset=&#8221;default&#8221; global_colors_info=&#8221;{}&#8221;][et_pb_text _builder_version=&#8221;4.20.2&#8243; _module_preset=&#8221;default&#8221; header_font=&#8221;|700||on|||||&#8221; header_font_size=&#8221;80px&#8221; custom_margin=&#8221;11px||||false|false&#8221; global_colors_info=&#8221;{}&#8221;]<\/p>\n<h1><span style=\"color: #e95f6c;\">Utjecaj<\/span> <\/h1>\n<p>[\/et_pb_text][\/et_pb_column][\/et_pb_row][\/et_pb_section][et_pb_section fb_built=&#8221;1&#8243; _builder_version=&#8221;4.20.2&#8243; _module_preset=&#8221;default&#8221; background_color=&#8221;#e1e2ed&#8221; custom_margin=&#8221;||||false|false&#8221; custom_padding=&#8221;||37px||false|false&#8221; global_colors_info=&#8221;{}&#8221;][et_pb_row module_class=&#8221;rowmitklapptext&#8221; _builder_version=&#8221;4.20.0&#8243; _module_preset=&#8221;default&#8221; global_colors_info=&#8221;{}&#8221;][et_pb_column type=&#8221;4_4&#8243; _builder_version=&#8221;4.20.0&#8243; _module_preset=&#8221;default&#8221; global_colors_info=&#8221;{}&#8221;][et_pb_text _builder_version=&#8221;4.20.2&#8243; _module_preset=&#8221;default&#8221; header_2_font=&#8221;|600||on|||||&#8221; global_colors_info=&#8221;{}&#8221;]<\/p>\n<h2>Utjecaj ASCERTAIN-a na klju\u010dne dionike u zdravstvu<\/h2>\n<p>[\/et_pb_text][et_pb_text _builder_version=&#8221;4.20.2&#8243; _module_preset=&#8221;default&#8221; global_colors_info=&#8221;{}&#8221;]<\/p>\n<p>Projekt ASCERTAIN usmjeren je na vi\u0161e dionika u zdravstvenoj industriji, svaki s jedinstvenim potrebama i ciljevima.<\/p>\n<p>Za <strong>\u010dlanove industrije<\/strong> , ASCERTAIN nudi preporuke za procjenu zdravstvene tehnologije (HTA) i pru\u017ea nova znanja o stvaranju vrijednosti, odre\u0111ivanju cijena i pristupu. Cilj projekta je pomo\u0107i industriji u dono\u0161enju informiranih odluka u vezi s pristupa\u010dno\u0161\u0107u i odr\u017eivo\u0161\u0107u inovativnih zdravstvenih tehnologija (IHT). <\/p>\n<p><strong>Pacijenti<\/strong> imaju koristi od projekta ASCERTAIN jer mu je cilj omogu\u0107iti br\u017ei pristup IHT-ima i po\u0161teno odre\u0111ivanje cijena. Projekt nastoji pobolj\u0161ati priu\u0161tivost i dostupnost inovativnih zdravstvenih tehnologija te osigurati da pacijenti mogu koristiti najnovija dostignu\u0107a u zdravstvu. <\/p>\n<p><strong>Istra\u017eiva\u010di<\/strong> \u0107e projekt ASCERTAIN smatrati posebno korisnim jer nudi otvoreni pristup podacima i alat za politiku otvorenog pristupa. Cilj projekta je pru\u017eiti istra\u017eiva\u010dima vrijedne uvide u razvoj novih modela odre\u0111ivanja cijena i naknada tro\u0161kova te podr\u017eati napredak istra\u017eivanja u zdravstvu. <\/p>\n<p><strong>Donositelji politika i vlade<\/strong> imat \u0107e koristi od preporuka projekta ASCERTAIN za tro\u0161kovnu u\u010dinkovitost, nadoknadu tro\u0161kova i modeliranje utjecaja na prora\u010dun. Projekt pru\u017ea alate za podr\u0161ku politikama koji mogu informirati dono\u0161enje odluka na vladinoj razini i osigurati da se javna sredstva koriste na naju\u010dinkovitiji mogu\u0107i na\u010din. <\/p>\n<p><strong>Regulatorna<\/strong> tijela \u0107e imati koristi od projekta ASCERTAIN da zdravstvenim tehnologijama dodijeli vrijednosne oznake. Projekt nastoji regulatornim tijelima pru\u017eiti informacije koje im mogu pomo\u0107i u dono\u0161enju informiranih odluka o odre\u0111ivanju cijena i nadoknadi tro\u0161kova novih zdravstvenih tehnologija. <\/p>\n<p><strong>Klini\u010dari<\/strong> \u0107e imati koristi od projekta ASCERTAIN za pobolj\u0161anje pristupa\u010dnosti i dostupnosti inovativnih zdravstvenih tehnologija. To \u0107e pomo\u0107i u osiguravanju da pacijenti imaju pristup najnovijim dostignu\u0107ima u zdravstvu, \u0161to \u0107e zauzvrat pobolj\u0161ati kvalitetu skrbi koja je dostupna pacijentima. <\/p>\n<p><strong>Platitelji i osiguravaju\u0107a<\/strong> dru\u0161tva imat \u0107e koristi od projekta ASCERTAIN da pru\u017ei sveobuhvatan alat za podr\u0161ku njihovim politikama. Cilj projekta je pomo\u0107i zdravstvenim vlastima, osiguravateljima i pru\u017eateljima zdravstvene skrbi u dono\u0161enju informiranih odluka o cijenama i nadoknadi inovativnih zdravstvenih tehnologija. <\/p>\n<p><strong>\u0160ira javnost <\/strong>tako\u0111er \u0107e imati koristi od projekta ASCERTAIN. Napori projekta za pobolj\u0161anje priu\u0161tivosti i dostupnosti inovativnih zdravstvenih tehnologija pomo\u0107i \u0107e u osiguravanju da se javna sredstva koriste na naju\u010dinkovitiji mogu\u0107i na\u010din i da pacijenti imaju dostupnost najnovijim dostignu\u0107ima u zdravstvu. <\/p>\n<p>[\/et_pb_text][\/et_pb_column][\/et_pb_row][\/et_pb_section][et_pb_section fb_built=&#8221;1&#8243; module_id=&#8221;kontakt&#8221; _builder_version=&#8221;4.20.2&#8243; _module_preset=&#8221;default&#8221; background_color=&#8221;#86B8BD&#8221; custom_margin=&#8221;||||false|false&#8221; custom_padding=&#8221;16px||75px||false|false&#8221; box_shadow_style=&#8221;preset7&#8243; box_shadow_horizontal=&#8221;0px&#8221; box_shadow_vertical=&#8221;-274px&#8221; box_shadow_color=&#8221;#FFFFFF&#8221; global_module=&#8221;910&#8243; saved_tabs=&#8221;all&#8221; global_colors_info=&#8221;{}&#8221;][et_pb_row _builder_version=&#8221;4.20.2&#8243; _module_preset=&#8221;default&#8221; global_colors_info=&#8221;{}&#8221;][et_pb_column type=&#8221;4_4&#8243; _builder_version=&#8221;4.20.2&#8243; _module_preset=&#8221;default&#8221; global_colors_info=&#8221;{}&#8221;][et_pb_text _builder_version=&#8221;4.20.2&#8243; _module_preset=&#8221;default&#8221; header_font=&#8221;Poppins semibold|||on|||||&#8221; header_font_size=&#8221;36px&#8221; custom_margin=&#8221;14px||23px||false|false&#8221; custom_margin_tablet=&#8221;&#8221; custom_margin_phone=&#8221;||30px||false|false&#8221; custom_margin_last_edited=&#8221;on|phone&#8221; header_font_size_phone=&#8221;24px&#8221; global_colors_info=&#8221;{}&#8221;]<\/p>\n<h1>Kontakt<\/h1>\n<p>[\/et_pb_text][et_pb_text _builder_version=&#8221;4.20.2&#8243; _module_preset=&#8221;default&#8221; text_font=&#8221;Poppins regular||||||||&#8221; text_text_color=&#8221;#393C84&#8243; text_font_size=&#8221;24px&#8221; text_line_height=&#8221;1.33em&#8221; module_alignment=&#8221;right&#8221; custom_margin=&#8221;||0px||false|false&#8221; text_font_size_tablet=&#8221;&#8221; text_font_size_phone=&#8221;18px&#8221; text_font_size_last_edited=&#8221;on|phone&#8221; global_colors_info=&#8221;{}&#8221;]<\/p>\n<p>Molimo kontaktirajte nas ako imate bilo kakvih pitanja ili komentara! Odgovorit \u0107emo vam u najkra\u0107em mogu\u0107em roku. <\/p>\n<p>[\/et_pb_text][\/et_pb_column][\/et_pb_row][et_pb_row column_structure=&#8221;1_3,1_3,1_3&#8243; use_custom_gutter=&#8221;on&#8221; module_class=&#8221;tablet-three-cols&#8221; _builder_version=&#8221;4.20.2&#8243; _module_preset=&#8221;default&#8221; max_width_tablet=&#8221;980px&#8221; max_width_phone=&#8221;500px&#8221; max_width_last_edited=&#8221;on|phone&#8221; custom_padding=&#8221;0px|30px|0px|30px|false|true&#8221; global_colors_info=&#8221;{}&#8221; custom_css_main_element_last_edited=&#8221;on|phone&#8221; custom_css_main_element_tablet=&#8221;display:flex;&#8221; custom_css_main_element_phone=&#8221;display:flex; flex-direction:column;&#8221;][et_pb_column type=&#8221;1_3&#8243; _builder_version=&#8221;4.20.2&#8243; _module_preset=&#8221;be0fba28-f74a-4ba0-9a8d-9cd30aca805d&#8221; global_colors_info=&#8221;{}&#8221; custom_css_main_element_last_edited=&#8221;on|tablet&#8221; custom_css_main_element_tablet=&#8221;margin-bottom:0;&#8221; custom_css_main_element_phone=&#8221;margin-bottom:20px;&#8221;][et_pb_image src=&#8221;https:\/\/www.access2meds.eu\/wp-content\/uploads\/2023\/03\/Carin_Uyl-de-Groot.png&#8221; title_text=&#8221;Carin_Uyl-de-Groot&#8221; _builder_version=&#8221;4.20.2&#8243; _module_preset=&#8221;a348f9e0-d57b-4c22-b522-c52b784fe57f&#8221; global_colors_info=&#8221;{}&#8221;][\/et_pb_image][et_pb_text _builder_version=&#8221;4.20.2&#8243; _module_preset=&#8221;default&#8221; text_text_color=&#8221;#FFFFFF&#8221; link_text_color=&#8221;#FFFFFF&#8221; global_colors_info=&#8221;{}&#8221;]<\/p>\n<p>Za pitanja vezana uz istra\u017eivanje:<\/p>\n<p><strong>Carin Uyl-de Groot<\/strong><br \/>Koordinator projekta<\/p>\n<p>Sveu\u010dili\u0161te Erasmus u Rotterdamu<br \/> <a href=\"mailto:uyl@eshpm.eur.nl\">uyl@eshpm.eur.nl<\/a><br \/> Telefon: +31 10 4081583<\/p>\n<p>[\/et_pb_text][\/et_pb_column][et_pb_column type=&#8221;1_3&#8243; _builder_version=&#8221;4.20.2&#8243; _module_preset=&#8221;be0fba28-f74a-4ba0-9a8d-9cd30aca805d&#8221; background_color=&#8221;#393C84&#8243; global_colors_info=&#8221;{}&#8221; custom_css_main_element_last_edited=&#8221;on|phone&#8221; custom_css_main_element_tablet=&#8221;margin-bottom:0;&#8221; custom_css_main_element_phone=&#8221;margin-bottom:20px;&#8221;][et_pb_image src=&#8221;https:\/\/www.access2meds.eu\/wp-content\/uploads\/2023\/03\/Marcel-Langone-1.png&#8221; title_text=&#8221;Marcel-Langone&#8221; align=&#8221;center&#8221; _builder_version=&#8221;4.20.2&#8243; _module_preset=&#8221;a348f9e0-d57b-4c22-b522-c52b784fe57f&#8221; global_colors_info=&#8221;{}&#8221;][\/et_pb_image][et_pb_text _builder_version=&#8221;4.20.2&#8243; _module_preset=&#8221;default&#8221; text_text_color=&#8221;#FFFFFF&#8221; link_text_color=&#8221;#FFFFFF&#8221; global_colors_info=&#8221;{}&#8221;]<\/p>\n<p>Za op\u0107a pitanja o projektu:<\/p>\n<p><strong>Marcel Langone Marques<\/strong><br \/> Voditelj projekta<\/p>\n<p>Sveu\u010dili\u0161te Erasmus u Rotterdamu<br \/> <a href=\"mailto:marcel.langonemarques@eur.nl\">marcel.langonemarques@eur.nl<\/a><br \/> Telefon: +31 10 4081583<\/p>\n<p>[\/et_pb_text][\/et_pb_column][et_pb_column type=&#8221;1_3&#8243; _builder_version=&#8221;4.20.2&#8243; _module_preset=&#8221;be0fba28-f74a-4ba0-9a8d-9cd30aca805d&#8221; background_color=&#8221;#048EA3&#8243; global_colors_info=&#8221;{}&#8221;][et_pb_image src=&#8221;https:\/\/www.access2meds.eu\/wp-content\/uploads\/2023\/06\/My-project-1-7.png&#8221; title_text=&#8221;Moj projekt-1 (7)&#8221; _builder_version=&#8221;4.21.0&#8243; _module_preset=&#8221;a348f9e0-d57b-4c22-b522-c52b784fe57f&#8221; global_colors_info=&#8221;{}&#8221;][\/et_pb_image][et_pb_text _builder_version=&#8221;4.20.2&#8243; _module_preset=&#8221;default&#8221; text_text_color=&#8221;#FFFFFF&#8221; link_text_color=&#8221;#FFFFFF&#8221; global_colors_info=&#8221;{}&#8221;]<\/p>\n<p>Za komunikacije:<\/p>\n<p><strong>Lena Jessen<\/strong><br \/> Voditelj projekta<\/p>\n<p>OptiMedis<br \/> <a href=\"mailto:l.jessen@optimedis.de\">l.jessen@optimedis.de<\/a><br \/> Telefon: +49 40 226211490<\/p>\n<p>[\/et_pb_text][\/et_pb_column][\/et_pb_row][\/et_pb_section]<\/p>\n","protected":false},"excerpt":{"rendered":"<p>Utjecaj Utjecaj ASCERTAIN-a na klju\u010dne dionike u zdravstvuProjekt ASCERTAIN usmjeren je na vi\u0161e dionika u zdravstvenoj industriji, svaki s jedinstvenim potrebama i ciljevima. Za \u010dlanove industrije , ASCERTAIN nudi preporuke za procjenu zdravstvene tehnologije (HTA) i pru\u017ea nova znanja o stvaranju vrijednosti, odre\u0111ivanju cijena i pristupu. Cilj projekta je pomo\u0107i industriji u dono\u0161enju informiranih odluka u vezi s pristupa\u010dno\u0161\u0107u i odr\u017eivo\u0161\u0107u inovativnih zdravstvenih tehnologija (IHT). Pacijenti imaju koristi od projekta ASCERTAIN jer mu je cilj omogu\u0107iti br\u017ei pristup IHT-ima i po\u0161teno odre\u0111ivanje cijena. Projekt nastoji pobolj\u0161ati priu\u0161tivost i dostupnost inovativnih zdravstvenih tehnologija te osigurati da pacijenti mogu koristiti najnovija dostignu\u0107a u zdravstvu. Istra\u017eiva\u010di \u0107e projekt ASCERTAIN smatrati posebno korisnim jer nudi otvoreni pristup podacima i alat za politiku otvorenog pristupa. Cilj projekta je pru\u017eiti istra\u017eiva\u010dima vrijedne uvide u razvoj novih modela odre\u0111ivanja cijena i naknada tro\u0161kova te podr\u017eati napredak istra\u017eivanja u zdravstvu. Donositelji politika i vlade imat \u0107e koristi od preporuka projekta ASCERTAIN za tro\u0161kovnu u\u010dinkovitost, nadoknadu tro\u0161kova i modeliranje utjecaja na prora\u010dun. Projekt pru\u017ea alate za podr\u0161ku politikama koji mogu informirati dono\u0161enje odluka na vladinoj razini i osigurati da se javna sredstva koriste na naju\u010dinkovitiji mogu\u0107i na\u010din. Regulatorna tijela \u0107e imati koristi od projekta ASCERTAIN da zdravstvenim tehnologijama dodijeli [&hellip;]<\/p>\n","protected":false},"author":1,"featured_media":2557,"parent":0,"menu_order":0,"comment_status":"closed","ping_status":"closed","template":"","meta":{"_et_pb_use_builder":"on","_et_pb_old_content":"","_et_gb_content_width":"","footnotes":""},"class_list":["post-3666","page","type-page","status-publish","has-post-thumbnail","hentry"],"yoast_head":"<!-- This site is optimized with the Yoast SEO Premium plugin v23.8 (Yoast SEO v27.4) - https:\/\/yoast.com\/product\/yoast-seo-premium-wordpress\/ -->\n<title>Utjecaj - ASCERTAIN<\/title>\n<meta name=\"description\" content=\"Shvatite kako ASCERTAIN poma\u017ee klju\u010dnim dionicima u zdravstvenoj industriji u stvaranju vrijednosti, cijena i pristupa.\" \/>\n<meta name=\"robots\" content=\"index, follow, max-snippet:-1, max-image-preview:large, max-video-preview:-1\" \/>\n<link rel=\"canonical\" href=\"https:\/\/www.access2meds.eu\/hr\/utjecaj\/\" \/>\n<meta property=\"og:locale\" content=\"hr_HR\" \/>\n<meta property=\"og:type\" content=\"article\" \/>\n<meta property=\"og:title\" content=\"Utjecaj\" \/>\n<meta property=\"og:description\" content=\"Shvatite kako ASCERTAIN poma\u017ee klju\u010dnim dionicima u zdravstvenoj industriji u stvaranju vrijednosti, cijena i pristupa.\" \/>\n<meta property=\"og:url\" content=\"https:\/\/www.access2meds.eu\/hr\/utjecaj\/\" \/>\n<meta property=\"og:site_name\" content=\"ASCERTAIN\" \/>\n<meta property=\"article:modified_time\" content=\"2025-06-24T07:55:21+00:00\" \/>\n<meta property=\"og:image\" content=\"https:\/\/www.access2meds.eu\/wp-content\/uploads\/2023\/03\/Foto_1132274611_iStock_PeopleImages.jpg\" \/>\n\t<meta property=\"og:image:width\" content=\"1282\" \/>\n\t<meta property=\"og:image:height\" content=\"818\" \/>\n\t<meta property=\"og:image:type\" content=\"image\/jpeg\" \/>\n<meta name=\"twitter:card\" content=\"summary_large_image\" \/>\n<meta name=\"twitter:site\" content=\"@ASCERTAIN_EU\" \/>\n<meta name=\"twitter:label1\" content=\"Procijenjeno vrijeme \u010ditanja\" \/>\n\t<meta name=\"twitter:data1\" content=\"6 minuta\" \/>\n<script type=\"application\/ld+json\" class=\"yoast-schema-graph\">{\"@context\":\"https:\\\/\\\/schema.org\",\"@graph\":[{\"@type\":\"WebPage\",\"@id\":\"https:\\\/\\\/www.access2meds.eu\\\/hr\\\/utjecaj\\\/\",\"url\":\"https:\\\/\\\/www.access2meds.eu\\\/hr\\\/utjecaj\\\/\",\"name\":\"Utjecaj - ASCERTAIN\",\"isPartOf\":{\"@id\":\"https:\\\/\\\/www.access2meds.eu\\\/#website\"},\"primaryImageOfPage\":{\"@id\":\"https:\\\/\\\/www.access2meds.eu\\\/hr\\\/utjecaj\\\/#primaryimage\"},\"image\":{\"@id\":\"https:\\\/\\\/www.access2meds.eu\\\/hr\\\/utjecaj\\\/#primaryimage\"},\"thumbnailUrl\":\"https:\\\/\\\/www.access2meds.eu\\\/wp-content\\\/uploads\\\/2023\\\/03\\\/Foto_1132274611_iStock_PeopleImages.jpg\",\"datePublished\":\"2023-03-03T16:32:40+00:00\",\"dateModified\":\"2025-06-24T07:55:21+00:00\",\"description\":\"Shvatite kako ASCERTAIN poma\u017ee klju\u010dnim dionicima u zdravstvenoj industriji u stvaranju vrijednosti, cijena i pristupa.\",\"breadcrumb\":{\"@id\":\"https:\\\/\\\/www.access2meds.eu\\\/hr\\\/utjecaj\\\/#breadcrumb\"},\"inLanguage\":\"hr\",\"potentialAction\":[{\"@type\":\"ReadAction\",\"target\":[\"https:\\\/\\\/www.access2meds.eu\\\/hr\\\/utjecaj\\\/\"]}]},{\"@type\":\"ImageObject\",\"inLanguage\":\"hr\",\"@id\":\"https:\\\/\\\/www.access2meds.eu\\\/hr\\\/utjecaj\\\/#primaryimage\",\"url\":\"https:\\\/\\\/www.access2meds.eu\\\/wp-content\\\/uploads\\\/2023\\\/03\\\/Foto_1132274611_iStock_PeopleImages.jpg\",\"contentUrl\":\"https:\\\/\\\/www.access2meds.eu\\\/wp-content\\\/uploads\\\/2023\\\/03\\\/Foto_1132274611_iStock_PeopleImages.jpg\",\"width\":1282,\"height\":818},{\"@type\":\"BreadcrumbList\",\"@id\":\"https:\\\/\\\/www.access2meds.eu\\\/hr\\\/utjecaj\\\/#breadcrumb\",\"itemListElement\":[{\"@type\":\"ListItem\",\"position\":1,\"name\":\"Startseite\",\"item\":\"https:\\\/\\\/www.access2meds.eu\\\/hr\\\/pocetna-stranica\\\/\"},{\"@type\":\"ListItem\",\"position\":2,\"name\":\"Utjecaj\"}]},{\"@type\":\"WebSite\",\"@id\":\"https:\\\/\\\/www.access2meds.eu\\\/#website\",\"url\":\"https:\\\/\\\/www.access2meds.eu\\\/\",\"name\":\"ASCERTAIN\",\"description\":\"IMPROVING ACCESS TO INNOVATIVE HEALTH TECHNOLOGIES\",\"publisher\":{\"@id\":\"https:\\\/\\\/www.access2meds.eu\\\/#organization\"},\"potentialAction\":[{\"@type\":\"SearchAction\",\"target\":{\"@type\":\"EntryPoint\",\"urlTemplate\":\"https:\\\/\\\/www.access2meds.eu\\\/?s={search_term_string}\"},\"query-input\":{\"@type\":\"PropertyValueSpecification\",\"valueRequired\":true,\"valueName\":\"search_term_string\"}}],\"inLanguage\":\"hr\"},{\"@type\":\"Organization\",\"@id\":\"https:\\\/\\\/www.access2meds.eu\\\/#organization\",\"name\":\"ASCERTAIN\",\"url\":\"https:\\\/\\\/www.access2meds.eu\\\/\",\"logo\":{\"@type\":\"ImageObject\",\"inLanguage\":\"hr\",\"@id\":\"https:\\\/\\\/www.access2meds.eu\\\/#\\\/schema\\\/logo\\\/image\\\/\",\"url\":\"https:\\\/\\\/www.access2meds.eu\\\/wp-content\\\/uploads\\\/2023\\\/02\\\/ASCERTAIN-logo.svg\",\"contentUrl\":\"https:\\\/\\\/www.access2meds.eu\\\/wp-content\\\/uploads\\\/2023\\\/02\\\/ASCERTAIN-logo.svg\",\"width\":1,\"height\":1,\"caption\":\"ASCERTAIN\"},\"image\":{\"@id\":\"https:\\\/\\\/www.access2meds.eu\\\/#\\\/schema\\\/logo\\\/image\\\/\"},\"sameAs\":[\"https:\\\/\\\/x.com\\\/ASCERTAIN_EU\",\"https:\\\/\\\/www.linkedin.com\\\/company\\\/ascertain-eu\\\/\",\"https:\\\/\\\/www.youtube.com\\\/@ascertainproject\"]}]}<\/script>\n<!-- \/ Yoast SEO Premium plugin. -->","yoast_head_json":{"title":"Utjecaj - ASCERTAIN","description":"Shvatite kako ASCERTAIN poma\u017ee klju\u010dnim dionicima u zdravstvenoj industriji u stvaranju vrijednosti, cijena i pristupa.","robots":{"index":"index","follow":"follow","max-snippet":"max-snippet:-1","max-image-preview":"max-image-preview:large","max-video-preview":"max-video-preview:-1"},"canonical":"https:\/\/www.access2meds.eu\/hr\/utjecaj\/","og_locale":"hr_HR","og_type":"article","og_title":"Utjecaj","og_description":"Shvatite kako ASCERTAIN poma\u017ee klju\u010dnim dionicima u zdravstvenoj industriji u stvaranju vrijednosti, cijena i pristupa.","og_url":"https:\/\/www.access2meds.eu\/hr\/utjecaj\/","og_site_name":"ASCERTAIN","article_modified_time":"2025-06-24T07:55:21+00:00","og_image":[{"width":1282,"height":818,"url":"https:\/\/www.access2meds.eu\/wp-content\/uploads\/2023\/03\/Foto_1132274611_iStock_PeopleImages.jpg","type":"image\/jpeg"}],"twitter_card":"summary_large_image","twitter_site":"@ASCERTAIN_EU","twitter_misc":{"Procijenjeno vrijeme \u010ditanja":"6 minuta"},"schema":{"@context":"https:\/\/schema.org","@graph":[{"@type":"WebPage","@id":"https:\/\/www.access2meds.eu\/hr\/utjecaj\/","url":"https:\/\/www.access2meds.eu\/hr\/utjecaj\/","name":"Utjecaj - ASCERTAIN","isPartOf":{"@id":"https:\/\/www.access2meds.eu\/#website"},"primaryImageOfPage":{"@id":"https:\/\/www.access2meds.eu\/hr\/utjecaj\/#primaryimage"},"image":{"@id":"https:\/\/www.access2meds.eu\/hr\/utjecaj\/#primaryimage"},"thumbnailUrl":"https:\/\/www.access2meds.eu\/wp-content\/uploads\/2023\/03\/Foto_1132274611_iStock_PeopleImages.jpg","datePublished":"2023-03-03T16:32:40+00:00","dateModified":"2025-06-24T07:55:21+00:00","description":"Shvatite kako ASCERTAIN poma\u017ee klju\u010dnim dionicima u zdravstvenoj industriji u stvaranju vrijednosti, cijena i pristupa.","breadcrumb":{"@id":"https:\/\/www.access2meds.eu\/hr\/utjecaj\/#breadcrumb"},"inLanguage":"hr","potentialAction":[{"@type":"ReadAction","target":["https:\/\/www.access2meds.eu\/hr\/utjecaj\/"]}]},{"@type":"ImageObject","inLanguage":"hr","@id":"https:\/\/www.access2meds.eu\/hr\/utjecaj\/#primaryimage","url":"https:\/\/www.access2meds.eu\/wp-content\/uploads\/2023\/03\/Foto_1132274611_iStock_PeopleImages.jpg","contentUrl":"https:\/\/www.access2meds.eu\/wp-content\/uploads\/2023\/03\/Foto_1132274611_iStock_PeopleImages.jpg","width":1282,"height":818},{"@type":"BreadcrumbList","@id":"https:\/\/www.access2meds.eu\/hr\/utjecaj\/#breadcrumb","itemListElement":[{"@type":"ListItem","position":1,"name":"Startseite","item":"https:\/\/www.access2meds.eu\/hr\/pocetna-stranica\/"},{"@type":"ListItem","position":2,"name":"Utjecaj"}]},{"@type":"WebSite","@id":"https:\/\/www.access2meds.eu\/#website","url":"https:\/\/www.access2meds.eu\/","name":"ASCERTAIN","description":"IMPROVING ACCESS TO INNOVATIVE HEALTH TECHNOLOGIES","publisher":{"@id":"https:\/\/www.access2meds.eu\/#organization"},"potentialAction":[{"@type":"SearchAction","target":{"@type":"EntryPoint","urlTemplate":"https:\/\/www.access2meds.eu\/?s={search_term_string}"},"query-input":{"@type":"PropertyValueSpecification","valueRequired":true,"valueName":"search_term_string"}}],"inLanguage":"hr"},{"@type":"Organization","@id":"https:\/\/www.access2meds.eu\/#organization","name":"ASCERTAIN","url":"https:\/\/www.access2meds.eu\/","logo":{"@type":"ImageObject","inLanguage":"hr","@id":"https:\/\/www.access2meds.eu\/#\/schema\/logo\/image\/","url":"https:\/\/www.access2meds.eu\/wp-content\/uploads\/2023\/02\/ASCERTAIN-logo.svg","contentUrl":"https:\/\/www.access2meds.eu\/wp-content\/uploads\/2023\/02\/ASCERTAIN-logo.svg","width":1,"height":1,"caption":"ASCERTAIN"},"image":{"@id":"https:\/\/www.access2meds.eu\/#\/schema\/logo\/image\/"},"sameAs":["https:\/\/x.com\/ASCERTAIN_EU","https:\/\/www.linkedin.com\/company\/ascertain-eu\/","https:\/\/www.youtube.com\/@ascertainproject"]}]}},"_links":{"self":[{"href":"https:\/\/www.access2meds.eu\/hr\/wp-json\/wp\/v2\/pages\/3666","targetHints":{"allow":["GET"]}}],"collection":[{"href":"https:\/\/www.access2meds.eu\/hr\/wp-json\/wp\/v2\/pages"}],"about":[{"href":"https:\/\/www.access2meds.eu\/hr\/wp-json\/wp\/v2\/types\/page"}],"author":[{"embeddable":true,"href":"https:\/\/www.access2meds.eu\/hr\/wp-json\/wp\/v2\/users\/1"}],"replies":[{"embeddable":true,"href":"https:\/\/www.access2meds.eu\/hr\/wp-json\/wp\/v2\/comments?post=3666"}],"version-history":[{"count":4,"href":"https:\/\/www.access2meds.eu\/hr\/wp-json\/wp\/v2\/pages\/3666\/revisions"}],"predecessor-version":[{"id":4495,"href":"https:\/\/www.access2meds.eu\/hr\/wp-json\/wp\/v2\/pages\/3666\/revisions\/4495"}],"wp:featuredmedia":[{"embeddable":true,"href":"https:\/\/www.access2meds.eu\/hr\/wp-json\/wp\/v2\/media\/2557"}],"wp:attachment":[{"href":"https:\/\/www.access2meds.eu\/hr\/wp-json\/wp\/v2\/media?parent=3666"}],"curies":[{"name":"wp","href":"https:\/\/api.w.org\/{rel}","templated":true}]}}