{"id":3953,"date":"2023-03-03T17:32:40","date_gmt":"2023-03-03T16:32:40","guid":{"rendered":"https:\/\/www.access2meds.eu\/impacto\/"},"modified":"2025-06-24T10:05:17","modified_gmt":"2025-06-24T08:05:17","slug":"impacto","status":"publish","type":"page","link":"https:\/\/www.access2meds.eu\/es\/impacto\/","title":{"rendered":"Impacto"},"content":{"rendered":"<p>[et_pb_section fb_built=\u00bb1&#8243; admin_label=\u00bbHeader\u00bb _builder_version=\u00bb4.27.4&#8243; _module_preset=\u00bb2e264158-b54d-4d7f-8146-8c8b7ca64cef\u00bb background_image=\u00bbhttps:\/\/www.access2meds.eu\/wp-content\/uploads\/2023\/03\/Foto_1132274611_iStock_PeopleImages.jpg\u00bb background_position=\u00bbtop_center\u00bb hover_enabled=\u00bb0&#8243; global_colors_info=\u00bb{}\u00bb background_last_edited=\u00bbon|phone\u00bb sticky_enabled=\u00bb0&#8243; title_text=\u00bbMobile Header\u00bb background_image_phone=\u00bbhttps:\/\/www.access2meds.eu\/wp-content\/uploads\/2025\/06\/Mobile-Header.png\u00bb background_enable_image_phone=\u00bbon\u00bb][et_pb_row _builder_version=\u00bb4.20.0&#8243; _module_preset=\u00bbdefault\u00bb custom_padding=\u00bb7px|30px||30px|false|true\u00bb global_colors_info=\u00bb{}\u00bb][et_pb_column type=\u00bb4_4&#8243; _builder_version=\u00bb4.20.0&#8243; _module_preset=\u00bbdefault\u00bb global_colors_info=\u00bb{}\u00bb][et_pb_text _builder_version=\u00bb4.20.2&#8243; _module_preset=\u00bbdefault\u00bb header_font=\u00bb|700||on|||||\u00bb header_font_size=\u00bb80px\u00bb custom_margin=\u00bb11px||||false|false\u00bb global_colors_info=\u00bb{}\u00bb]<\/p>\n<h1><span style=\"color: #e95f6c;\">Impacto<\/span> <\/h1>\n<p>[\/et_pb_text][\/et_pb_column][\/et_pb_row][\/et_pb_section][et_pb_section fb_built=\u00bb1&#8243; _builder_version=\u00bb4.20.2&#8243; _module_preset=\u00bbdefault\u00bb background_color=\u00bb#e1e2ed\u00bb custom_margin=\u00bb||||false|false\u00bb custom_padding=\u00bb||37px||false|false\u00bb global_colors_info=\u00bb{}\u00bb][et_pb_row module_class=\u00bbrowmitklapptext\u00bb _builder_version=\u00bb4.20.0&#8243; _module_preset=\u00bbdefault\u00bb global_colors_info=\u00bb{}\u00bb][et_pb_column type=\u00bb4_4&#8243; _builder_version=\u00bb4.20.0&#8243; _module_preset=\u00bbdefault\u00bb global_colors_info=\u00bb{}\u00bb][et_pb_text _builder_version=\u00bb4.20.2&#8243; _module_preset=\u00bbdefault\u00bb header_2_font=\u00bb|600||on|||||\u00bb global_colors_info=\u00bb{}\u00bb]<\/p>\n<h2>Impacto de ASCERTAIN en las principales partes interesadas en sanidad<\/h2>\n<p>[\/et_pb_text][et_pb_text _builder_version=\u00bb4.20.2&#8243; _module_preset=\u00bbdefault\u00bb global_colors_info=\u00bb{}\u00bb]<\/p>\n<p>El proyecto ASCERTAIN se dirige a m\u00faltiples partes interesadas del sector sanitario, cada una con necesidades y objetivos \u00fanicos.<\/p>\n<p>Para los <strong>miembros de la industria<\/strong>, ASCERTAIN ofrece recomendaciones para la Evaluaci\u00f3n de Tecnolog\u00edas Sanitarias (ETS) y aporta nuevos conocimientos sobre la creaci\u00f3n de valor, fijaci\u00f3n de precios y acceso. El proyecto pretende ayudar a la industria a tomar decisiones informadas sobre la asequibilidad y sostenibilidad de las tecnolog\u00edas sanitarias innovadoras (TSI). <\/p>\n<p><strong>Los pacientes <\/strong>se benefician del proyecto ASCERTAIN, ya que su objetivo es proporcionar un acceso m\u00e1s r\u00e1pido a las TSI y un precio justo. El proyecto pretende mejorar la asequibilidad y accesibilidad de las tecnolog\u00edas sanitarias innovadoras y garantizar que los pacientes puedan beneficiarse de los \u00faltimos avances en asistencia sanitaria. <\/p>\n<p><strong>Los investigadores <\/strong>encontrar\u00e1n especialmente \u00fatil el proyecto ASCERTAIN, ya que ofrece acceso abierto a datos y a una herramienta de pol\u00edtica. El objetivo del proyecto es proporcionar a los investigadores informaci\u00f3n valiosa sobre el desarrollo de nuevos modelos de fijaci\u00f3n de precios y reembolsos y apoyar el avance de la investigaci\u00f3n sanitaria. <\/p>\n<p><strong>Los responsables pol\u00edticos y los gobiernos<\/strong> se beneficiar\u00e1n de las recomendaciones del proyecto ASCERTAIN para la modelizaci\u00f3n de la rentabilidad, el reembolso y el impacto presupuestario. El proyecto proporciona herramientas de apoyo pol\u00edtico que pueden informar la toma de decisiones a nivel gubernamental y ayudar a garantizar que los fondos p\u00fablicos se utilizan de la forma m\u00e1s eficaz posible. <\/p>\n<p>Los organismos <strong>reguladores<\/strong> se beneficiar\u00e1n de los esfuerzos del proyecto ASCERTAIN para atribuir etiquetas de valor a las tecnolog\u00edas sanitarias. El proyecto pretende proporcionar a los organismos reguladores informaci\u00f3n que les ayude a tomar decisiones informadas sobre la fijaci\u00f3n de precios y el reembolso de nuevas tecnolog\u00edas sanitarias. <\/p>\n<p>Los <strong>m\u00e9dicos <\/strong>se beneficiar\u00e1n de los esfuerzos del proyecto ASCERTAIN al mejorar la asequibilidad y accesibilidad de las tecnolog\u00edas sanitarias innovadoras. Esto ayudar\u00e1 a garantizar que los pacientes puedan acceder a los \u00faltimos avances en asistencia sanitaria, lo que a su vez mejorar\u00e1 la calidad de la asistencia disponible para ellos. <\/p>\n<p>Los <strong>pagadores y las compa\u00f1\u00edas de seguros <\/strong>se beneficiar\u00e1n de los esfuerzos del proyecto ASCERTAIN al proporcionar una herramienta integral de apoyo a las pol\u00edticas. El proyecto pretende ayudar a las autoridades sanitarias, aseguradoras y proveedores de asistencia sanitaria a tomar decisiones informadas sobre la fijaci\u00f3n de precios y el reembolso de las tecnolog\u00edas sanitarias innovadoras. <\/p>\n<p>El <strong>p\u00fablico en general<\/strong> tambi\u00e9n se beneficiar\u00e1 del proyecto ASCERTAIN. Los esfuerzos del proyecto por mejorar la asequibilidad y accesibilidad de las tecnolog\u00edas sanitarias innovadoras contribuir\u00e1n a garantizar que los fondos p\u00fablicos se utilicen de la forma m\u00e1s eficaz posible y que los pacientes puedan acceder a los \u00faltimos avances en asistencia sanitaria. <\/p>\n<p>[\/et_pb_text][\/et_pb_column][\/et_pb_row][\/et_pb_section][et_pb_section fb_built=\u00bb1&#8243; module_id=\u00bbcontacto\u00bb _builder_version=\u00bb4.20.2&#8243; _module_preset=\u00bbdefault\u00bb background_color=\u00bb#86B8BD\u00bb custom_margin=\u00bb||||false|false\u00bb custom_padding=\u00bb16px||75px||false|false\u00bb box_shadow_style=\u00bbpreset7&#8243; box_shadow_horizontal=\u00bb0px\u00bb box_shadow_vertical=\u00bb-274px\u00bb box_shadow_color=\u00bb#FFFFFF\u00bb global_module=\u00bb910&#8243; saved_tabs=\u00bball\u00bb global_colors_info=\u00bb{}\u00bb][et_pb_row _builder_version=\u00bb4.20.2&#8243; _module_preset=\u00bbdefault\u00bb global_colors_info=\u00bb{}\u00bb][et_pb_column type=\u00bb4_4&#8243; _builder_version=\u00bb4.20.2&#8243; _module_preset=\u00bbdefault\u00bb global_colors_info=\u00bb{}\u00bb][et_pb_text _builder_version=\u00bb4.20.2&#8243; _module_preset=\u00bbdefault\u00bb header_font=\u00bbPoppins semibold|||on|||||\u00bb header_font_size=\u00bb36px\u00bb custom_margin=\u00bb14px||23px||false|false\u00bb custom_margin_tablet=\u00bb\u00bb custom_margin_phone=\u00bb||30px||false|false\u00bb custom_margin_last_edited=\u00bbon|phone\u00bb header_font_size_phone=\u00bb24px\u00bb global_colors_info=\u00bb{}\u00bb]<\/p>\n<h1>Contacto<\/h1>\n<p>[\/et_pb_text][et_pb_text _builder_version=\u00bb4.20.2&#8243; _module_preset=\u00bbdefault\u00bb text_font=\u00bbPoppins regular||||||||\u00bb text_text_color=\u00bb#393C84&#8243; text_font_size=\u00bb24px\u00bb text_line_height=\u00bb1.33em\u00bb module_alignment=\u00bbright\u00bb custom_margin=\u00bb||0px||false|false\u00bb text_font_size_tablet=\u00bb\u00bb text_font_size_phone=\u00bb18px\u00bb text_font_size_last_edited=\u00bbon|phone\u00bb global_colors_info=\u00bb{}\u00bb]<\/p>\n<p>Ponte en contacto con nosotros si tienes alguna pregunta o comentario. Nos pondremos en contacto contigo lo antes posible. <\/p>\n<p>[\/et_pb_text][\/et_pb_column][\/et_pb_row][et_pb_row column_structure=\u00bb1_3,1_3,1_3&#8243; use_custom_gutter=\u00bbon\u00bb module_class=\u00bbtablet-three-cols\u00bb _builder_version=\u00bb4.20.2&#8243; _module_preset=\u00bbdefault\u00bb max_width_tablet=\u00bb980px\u00bb max_width_phone=\u00bb500px\u00bb max_width_last_edited=\u00bbon|phone\u00bb custom_padding=\u00bb0px|30px|0px|30px|false|true\u00bb global_colors_info=\u00bb{}\u00bb custom_css_main_element_last_edited=\u00bbon|phone\u00bb custom_css_main_element_tablet=\u00bbdisplay:flex;\u00bb custom_css_main_element_phone=\u00bbdisplay:flex; flex-direction:column;\u00bb][et_pb_column type=\u00bb1_3&#8243; _builder_version=\u00bb4.20.2&#8243; _module_preset=\u00bbbe0fba28-f74a-4ba0-9a8d-9cd30aca805d\u00bb global_colors_info=\u00bb{}\u00bb custom_css_main_element_last_edited=\u00bbon|tablet\u00bb custom_css_main_element_tablet=\u00bbmargin-bottom:0;\u00bb custom_css_main_element_phone=\u00bbmargin-bottom:20px;\u00bb][et_pb_image src=\u00bbhttps:\/\/www.access2meds.eu\/wp-content\/uploads\/2023\/03\/Carin_Uyl-de-Groot.png\u00bb title_text=\u00bbCarin_Uyl-de-Groot\u00bb _builder_version=\u00bb4.20.2&#8243; _module_preset=\u00bba348f9e0-d57b-4c22-b522-c52b784fe57f\u00bb global_colors_info=\u00bb{}\u00bb][\/et_pb_image][et_pb_text _builder_version=\u00bb4.20.2&#8243; _module_preset=\u00bbdefault\u00bb text_text_color=\u00bb#FFFFFF\u00bb link_text_color=\u00bb#FFFFFF\u00bb global_colors_info=\u00bb{}\u00bb]<\/p>\n<p>Para preguntas relacionadas con la investigaci\u00f3n:<\/p>\n<p><strong>Carin Uyl-de Groot<\/strong><br \/>Coordinadora del proyecto<\/p>\n<p>Universidad Erasmus de Rotterdam<br \/><a href=\"mailto:uyl@eshpm.eur.nl\">uyl@eshpm.eur.nl<\/a><br \/>Tel\u00e9fono: +31 10 4081583<\/p>\n<p>[\/et_pb_text][\/et_pb_column][et_pb_column type=\u00bb1_3&#8243; _builder_version=\u00bb4.20.2&#8243; _module_preset=\u00bbbe0fba28-f74a-4ba0-9a8d-9cd30aca805d\u00bb background_color=\u00bb#393C84&#8243; global_colors_info=\u00bb{}\u00bb custom_css_main_element_last_edited=\u00bbon|phone\u00bb custom_css_main_element_tablet=\u00bbmargin-bottom:0;\u00bb custom_css_main_element_phone=\u00bbmargin-bottom:20px;\u00bb][et_pb_image src=\u00bbhttps:\/\/www.access2meds.eu\/wp-content\/uploads\/2023\/03\/Marcel-Langone-1.png\u00bb title_text=\u00bbMarcel-Langone\u00bb align=\u00bbcenter\u00bb _builder_version=\u00bb4.20.2&#8243; _module_preset=\u00bba348f9e0-d57b-4c22-b522-c52b784fe57f\u00bb global_colors_info=\u00bb{}\u00bb][\/et_pb_image][et_pb_text _builder_version=\u00bb4.20.2&#8243; _module_preset=\u00bbdefault\u00bb text_text_color=\u00bb#FFFFFF\u00bb link_text_color=\u00bb#FFFFFF\u00bb global_colors_info=\u00bb{}\u00bb]<\/p>\n<p>Para preguntas generales sobre el proyecto:<\/p>\n<p><strong>Marcel Langone Marques<\/strong><br \/>Director del proyecto<\/p>\n<p>Universidad Erasmus de Rotterdam<br \/><a href=\"mailto:marcel.langonemarques@eur.nl\">marcel.langonemarques@eur.nl<\/a><br \/>Tel\u00e9fono: +31 10 4081583<\/p>\n<p>[\/et_pb_text][\/et_pb_column][et_pb_column type=\u00bb1_3&#8243; _builder_version=\u00bb4.20.2&#8243; _module_preset=\u00bbbe0fba28-f74a-4ba0-9a8d-9cd30aca805d\u00bb background_color=\u00bb#048EA3&#8243; global_colors_info=\u00bb{}\u00bb][et_pb_image src=\u00bbhttps:\/\/www.access2meds.eu\/wp-content\/uploads\/2023\/06\/My-project-1-7.png\u00bb title_text=\u00bbMi proyecto-1 (7)\u00bb _builder_version=\u00bb4.21.0&#8243; _module_preset=\u00bba348f9e0-d57b-4c22-b522-c52b784fe57f\u00bb global_colors_info=\u00bb{}\u00bb][\/et_pb_image][et_pb_text _builder_version=\u00bb4.20.2&#8243; _module_preset=\u00bbdefault\u00bb text_text_color=\u00bb#FFFFFF\u00bb link_text_color=\u00bb#FFFFFF\u00bb global_colors_info=\u00bb{}\u00bb]<\/p>\n<p>Para comunicaciones:<\/p>\n<p><strong>Lena Jessen<\/strong><br \/>Gestora del proyecto<\/p>\n<p>OptiMedis<br \/><a href=\"mailto:l.jessen@optimedis.de\">l.jessen@optimedis.de<\/a><br \/>Tel\u00e9fono: +49 40 226211490<\/p>\n<p>[\/et_pb_text][\/et_pb_column][\/et_pb_row][\/et_pb_section]<\/p>\n","protected":false},"excerpt":{"rendered":"<p>Impacto Impacto de ASCERTAIN en las principales partes interesadas en sanidadEl proyecto ASCERTAIN se dirige a m\u00faltiples partes interesadas del sector sanitario, cada una con necesidades y objetivos \u00fanicos. Para los miembros de la industria, ASCERTAIN ofrece recomendaciones para la Evaluaci\u00f3n de Tecnolog\u00edas Sanitarias (ETS) y aporta nuevos conocimientos sobre la creaci\u00f3n de valor, fijaci\u00f3n de precios y acceso. El proyecto pretende ayudar a la industria a tomar decisiones informadas sobre la asequibilidad y sostenibilidad de las tecnolog\u00edas sanitarias innovadoras (TSI). Los pacientes se benefician del proyecto ASCERTAIN, ya que su objetivo es proporcionar un acceso m\u00e1s r\u00e1pido a las TSI y un precio justo. El proyecto pretende mejorar la asequibilidad y accesibilidad de las tecnolog\u00edas sanitarias innovadoras y garantizar que los pacientes puedan beneficiarse de los \u00faltimos avances en asistencia sanitaria. Los investigadores encontrar\u00e1n especialmente \u00fatil el proyecto ASCERTAIN, ya que ofrece acceso abierto a datos y a una herramienta de pol\u00edtica. El objetivo del proyecto es proporcionar a los investigadores informaci\u00f3n valiosa sobre el desarrollo de nuevos modelos de fijaci\u00f3n de precios y reembolsos y apoyar el avance de la investigaci\u00f3n sanitaria. Los responsables pol\u00edticos y los gobiernos se beneficiar\u00e1n de las recomendaciones del proyecto ASCERTAIN para la [&hellip;]<\/p>\n","protected":false},"author":1,"featured_media":3954,"parent":0,"menu_order":0,"comment_status":"closed","ping_status":"closed","template":"","meta":{"_et_pb_use_builder":"on","_et_pb_old_content":"","_et_gb_content_width":"","footnotes":""},"class_list":["post-3953","page","type-page","status-publish","has-post-thumbnail","hentry"],"yoast_head":"<!-- This site is optimized with the Yoast SEO Premium plugin v23.8 (Yoast SEO v27.4) - https:\/\/yoast.com\/product\/yoast-seo-premium-wordpress\/ -->\n<title>Impacto - ASCERTAIN<\/title>\n<meta name=\"description\" content=\"Comprende c\u00f3mo ASCERTAIN ayuda a las principales partes interesadas del sector sanitario a crear valor, precios y acceso.\" \/>\n<meta name=\"robots\" content=\"index, follow, max-snippet:-1, max-image-preview:large, max-video-preview:-1\" \/>\n<link rel=\"canonical\" href=\"https:\/\/www.access2meds.eu\/es\/impacto\/\" \/>\n<meta property=\"og:locale\" content=\"es_ES\" \/>\n<meta property=\"og:type\" content=\"article\" \/>\n<meta property=\"og:title\" content=\"Impacto\" \/>\n<meta property=\"og:description\" content=\"Comprende c\u00f3mo ASCERTAIN ayuda a las principales partes interesadas del sector sanitario a crear valor, precios y acceso.\" \/>\n<meta property=\"og:url\" content=\"https:\/\/www.access2meds.eu\/es\/impacto\/\" \/>\n<meta property=\"og:site_name\" content=\"ASCERTAIN\" \/>\n<meta property=\"article:modified_time\" content=\"2025-06-24T08:05:17+00:00\" \/>\n<meta property=\"og:image\" content=\"https:\/\/www.access2meds.eu\/wp-content\/uploads\/2023\/03\/Foto_1132274611_iStock_PeopleImages.jpg\" \/>\n\t<meta property=\"og:image:width\" content=\"1282\" \/>\n\t<meta property=\"og:image:height\" content=\"818\" \/>\n\t<meta property=\"og:image:type\" content=\"image\/jpeg\" \/>\n<meta name=\"twitter:card\" content=\"summary_large_image\" \/>\n<meta name=\"twitter:site\" content=\"@ASCERTAIN_EU\" \/>\n<meta name=\"twitter:label1\" content=\"Tiempo de lectura\" \/>\n\t<meta name=\"twitter:data1\" content=\"7 minutos\" \/>\n<script type=\"application\/ld+json\" class=\"yoast-schema-graph\">{\"@context\":\"https:\\\/\\\/schema.org\",\"@graph\":[{\"@type\":\"WebPage\",\"@id\":\"https:\\\/\\\/www.access2meds.eu\\\/es\\\/impacto\\\/\",\"url\":\"https:\\\/\\\/www.access2meds.eu\\\/es\\\/impacto\\\/\",\"name\":\"Impacto - ASCERTAIN\",\"isPartOf\":{\"@id\":\"https:\\\/\\\/www.access2meds.eu\\\/#website\"},\"primaryImageOfPage\":{\"@id\":\"https:\\\/\\\/www.access2meds.eu\\\/es\\\/impacto\\\/#primaryimage\"},\"image\":{\"@id\":\"https:\\\/\\\/www.access2meds.eu\\\/es\\\/impacto\\\/#primaryimage\"},\"thumbnailUrl\":\"https:\\\/\\\/www.access2meds.eu\\\/wp-content\\\/uploads\\\/2023\\\/03\\\/Foto_1132274611_iStock_PeopleImages.jpg\",\"datePublished\":\"2023-03-03T16:32:40+00:00\",\"dateModified\":\"2025-06-24T08:05:17+00:00\",\"description\":\"Comprende c\u00f3mo ASCERTAIN ayuda a las principales partes interesadas del sector sanitario a crear valor, precios y acceso.\",\"breadcrumb\":{\"@id\":\"https:\\\/\\\/www.access2meds.eu\\\/es\\\/impacto\\\/#breadcrumb\"},\"inLanguage\":\"es\",\"potentialAction\":[{\"@type\":\"ReadAction\",\"target\":[\"https:\\\/\\\/www.access2meds.eu\\\/es\\\/impacto\\\/\"]}]},{\"@type\":\"ImageObject\",\"inLanguage\":\"es\",\"@id\":\"https:\\\/\\\/www.access2meds.eu\\\/es\\\/impacto\\\/#primaryimage\",\"url\":\"https:\\\/\\\/www.access2meds.eu\\\/wp-content\\\/uploads\\\/2023\\\/03\\\/Foto_1132274611_iStock_PeopleImages.jpg\",\"contentUrl\":\"https:\\\/\\\/www.access2meds.eu\\\/wp-content\\\/uploads\\\/2023\\\/03\\\/Foto_1132274611_iStock_PeopleImages.jpg\",\"width\":1282,\"height\":818,\"caption\":\"impact on key stakeholders in healthcare\"},{\"@type\":\"BreadcrumbList\",\"@id\":\"https:\\\/\\\/www.access2meds.eu\\\/es\\\/impacto\\\/#breadcrumb\",\"itemListElement\":[{\"@type\":\"ListItem\",\"position\":1,\"name\":\"Startseite\",\"item\":\"https:\\\/\\\/www.access2meds.eu\\\/es\\\/pagina-de-inicio\\\/\"},{\"@type\":\"ListItem\",\"position\":2,\"name\":\"Impacto\"}]},{\"@type\":\"WebSite\",\"@id\":\"https:\\\/\\\/www.access2meds.eu\\\/#website\",\"url\":\"https:\\\/\\\/www.access2meds.eu\\\/\",\"name\":\"ASCERTAIN\",\"description\":\"IMPROVING ACCESS TO INNOVATIVE HEALTH TECHNOLOGIES\",\"publisher\":{\"@id\":\"https:\\\/\\\/www.access2meds.eu\\\/#organization\"},\"potentialAction\":[{\"@type\":\"SearchAction\",\"target\":{\"@type\":\"EntryPoint\",\"urlTemplate\":\"https:\\\/\\\/www.access2meds.eu\\\/?s={search_term_string}\"},\"query-input\":{\"@type\":\"PropertyValueSpecification\",\"valueRequired\":true,\"valueName\":\"search_term_string\"}}],\"inLanguage\":\"es\"},{\"@type\":\"Organization\",\"@id\":\"https:\\\/\\\/www.access2meds.eu\\\/#organization\",\"name\":\"ASCERTAIN\",\"url\":\"https:\\\/\\\/www.access2meds.eu\\\/\",\"logo\":{\"@type\":\"ImageObject\",\"inLanguage\":\"es\",\"@id\":\"https:\\\/\\\/www.access2meds.eu\\\/#\\\/schema\\\/logo\\\/image\\\/\",\"url\":\"https:\\\/\\\/www.access2meds.eu\\\/wp-content\\\/uploads\\\/2023\\\/02\\\/ASCERTAIN-logo.svg\",\"contentUrl\":\"https:\\\/\\\/www.access2meds.eu\\\/wp-content\\\/uploads\\\/2023\\\/02\\\/ASCERTAIN-logo.svg\",\"width\":1,\"height\":1,\"caption\":\"ASCERTAIN\"},\"image\":{\"@id\":\"https:\\\/\\\/www.access2meds.eu\\\/#\\\/schema\\\/logo\\\/image\\\/\"},\"sameAs\":[\"https:\\\/\\\/x.com\\\/ASCERTAIN_EU\",\"https:\\\/\\\/www.linkedin.com\\\/company\\\/ascertain-eu\\\/\",\"https:\\\/\\\/www.youtube.com\\\/@ascertainproject\"]}]}<\/script>\n<!-- \/ Yoast SEO Premium plugin. -->","yoast_head_json":{"title":"Impacto - ASCERTAIN","description":"Comprende c\u00f3mo ASCERTAIN ayuda a las principales partes interesadas del sector sanitario a crear valor, precios y acceso.","robots":{"index":"index","follow":"follow","max-snippet":"max-snippet:-1","max-image-preview":"max-image-preview:large","max-video-preview":"max-video-preview:-1"},"canonical":"https:\/\/www.access2meds.eu\/es\/impacto\/","og_locale":"es_ES","og_type":"article","og_title":"Impacto","og_description":"Comprende c\u00f3mo ASCERTAIN ayuda a las principales partes interesadas del sector sanitario a crear valor, precios y acceso.","og_url":"https:\/\/www.access2meds.eu\/es\/impacto\/","og_site_name":"ASCERTAIN","article_modified_time":"2025-06-24T08:05:17+00:00","og_image":[{"width":1282,"height":818,"url":"https:\/\/www.access2meds.eu\/wp-content\/uploads\/2023\/03\/Foto_1132274611_iStock_PeopleImages.jpg","type":"image\/jpeg"}],"twitter_card":"summary_large_image","twitter_site":"@ASCERTAIN_EU","twitter_misc":{"Tiempo de lectura":"7 minutos"},"schema":{"@context":"https:\/\/schema.org","@graph":[{"@type":"WebPage","@id":"https:\/\/www.access2meds.eu\/es\/impacto\/","url":"https:\/\/www.access2meds.eu\/es\/impacto\/","name":"Impacto - ASCERTAIN","isPartOf":{"@id":"https:\/\/www.access2meds.eu\/#website"},"primaryImageOfPage":{"@id":"https:\/\/www.access2meds.eu\/es\/impacto\/#primaryimage"},"image":{"@id":"https:\/\/www.access2meds.eu\/es\/impacto\/#primaryimage"},"thumbnailUrl":"https:\/\/www.access2meds.eu\/wp-content\/uploads\/2023\/03\/Foto_1132274611_iStock_PeopleImages.jpg","datePublished":"2023-03-03T16:32:40+00:00","dateModified":"2025-06-24T08:05:17+00:00","description":"Comprende c\u00f3mo ASCERTAIN ayuda a las principales partes interesadas del sector sanitario a crear valor, precios y acceso.","breadcrumb":{"@id":"https:\/\/www.access2meds.eu\/es\/impacto\/#breadcrumb"},"inLanguage":"es","potentialAction":[{"@type":"ReadAction","target":["https:\/\/www.access2meds.eu\/es\/impacto\/"]}]},{"@type":"ImageObject","inLanguage":"es","@id":"https:\/\/www.access2meds.eu\/es\/impacto\/#primaryimage","url":"https:\/\/www.access2meds.eu\/wp-content\/uploads\/2023\/03\/Foto_1132274611_iStock_PeopleImages.jpg","contentUrl":"https:\/\/www.access2meds.eu\/wp-content\/uploads\/2023\/03\/Foto_1132274611_iStock_PeopleImages.jpg","width":1282,"height":818,"caption":"impact on key stakeholders in healthcare"},{"@type":"BreadcrumbList","@id":"https:\/\/www.access2meds.eu\/es\/impacto\/#breadcrumb","itemListElement":[{"@type":"ListItem","position":1,"name":"Startseite","item":"https:\/\/www.access2meds.eu\/es\/pagina-de-inicio\/"},{"@type":"ListItem","position":2,"name":"Impacto"}]},{"@type":"WebSite","@id":"https:\/\/www.access2meds.eu\/#website","url":"https:\/\/www.access2meds.eu\/","name":"ASCERTAIN","description":"IMPROVING ACCESS TO INNOVATIVE HEALTH TECHNOLOGIES","publisher":{"@id":"https:\/\/www.access2meds.eu\/#organization"},"potentialAction":[{"@type":"SearchAction","target":{"@type":"EntryPoint","urlTemplate":"https:\/\/www.access2meds.eu\/?s={search_term_string}"},"query-input":{"@type":"PropertyValueSpecification","valueRequired":true,"valueName":"search_term_string"}}],"inLanguage":"es"},{"@type":"Organization","@id":"https:\/\/www.access2meds.eu\/#organization","name":"ASCERTAIN","url":"https:\/\/www.access2meds.eu\/","logo":{"@type":"ImageObject","inLanguage":"es","@id":"https:\/\/www.access2meds.eu\/#\/schema\/logo\/image\/","url":"https:\/\/www.access2meds.eu\/wp-content\/uploads\/2023\/02\/ASCERTAIN-logo.svg","contentUrl":"https:\/\/www.access2meds.eu\/wp-content\/uploads\/2023\/02\/ASCERTAIN-logo.svg","width":1,"height":1,"caption":"ASCERTAIN"},"image":{"@id":"https:\/\/www.access2meds.eu\/#\/schema\/logo\/image\/"},"sameAs":["https:\/\/x.com\/ASCERTAIN_EU","https:\/\/www.linkedin.com\/company\/ascertain-eu\/","https:\/\/www.youtube.com\/@ascertainproject"]}]}},"_links":{"self":[{"href":"https:\/\/www.access2meds.eu\/es\/wp-json\/wp\/v2\/pages\/3953","targetHints":{"allow":["GET"]}}],"collection":[{"href":"https:\/\/www.access2meds.eu\/es\/wp-json\/wp\/v2\/pages"}],"about":[{"href":"https:\/\/www.access2meds.eu\/es\/wp-json\/wp\/v2\/types\/page"}],"author":[{"embeddable":true,"href":"https:\/\/www.access2meds.eu\/es\/wp-json\/wp\/v2\/users\/1"}],"replies":[{"embeddable":true,"href":"https:\/\/www.access2meds.eu\/es\/wp-json\/wp\/v2\/comments?post=3953"}],"version-history":[{"count":8,"href":"https:\/\/www.access2meds.eu\/es\/wp-json\/wp\/v2\/pages\/3953\/revisions"}],"predecessor-version":[{"id":4506,"href":"https:\/\/www.access2meds.eu\/es\/wp-json\/wp\/v2\/pages\/3953\/revisions\/4506"}],"wp:featuredmedia":[{"embeddable":true,"href":"https:\/\/www.access2meds.eu\/es\/wp-json\/wp\/v2\/media\/3954"}],"wp:attachment":[{"href":"https:\/\/www.access2meds.eu\/es\/wp-json\/wp\/v2\/media?parent=3953"}],"curies":[{"name":"wp","href":"https:\/\/api.w.org\/{rel}","templated":true}]}}