{"id":3559,"date":"2023-03-03T17:32:40","date_gmt":"2023-03-03T16:32:40","guid":{"rendered":"https:\/\/www.access2meds.eu\/auswirkungen\/"},"modified":"2025-06-24T09:58:46","modified_gmt":"2025-06-24T07:58:46","slug":"auswirkungen","status":"publish","type":"page","link":"https:\/\/www.access2meds.eu\/de\/auswirkungen\/","title":{"rendered":"Nutzen"},"content":{"rendered":"<p>[et_pb_section fb_built=&#8220;1&#8243; admin_label=&#8220;Header&#8220; _builder_version=&#8220;4.27.4&#8243; _module_preset=&#8220;2e264158-b54d-4d7f-8146-8c8b7ca64cef&#8220; background_image=&#8220;https:\/\/www.access2meds.eu\/wp-content\/uploads\/2023\/03\/Foto_1132274611_iStock_PeopleImages.jpg&#8220; background_position=&#8220;top_center&#8220; hover_enabled=&#8220;0&#8243; global_colors_info=&#8220;{}&#8220; background_last_edited=&#8220;on|phone&#8220; sticky_enabled=&#8220;0&#8243; title_text=&#8220;Mobile Header&#8220; background_image_phone=&#8220;https:\/\/www.access2meds.eu\/wp-content\/uploads\/2025\/06\/Mobile-Header.png&#8220; background_enable_image_phone=&#8220;on&#8220;][et_pb_row _builder_version=&#8220;4.20.0&#8243; _module_preset=&#8220;default&#8220; custom_padding=&#8220;7px|30px||30px|false|true&#8220; global_colors_info=&#8220;{}&#8220;][et_pb_column type=&#8220;4_4&#8243; _builder_version=&#8220;4.20.0&#8243; _module_preset=&#8220;default&#8220; global_colors_info=&#8220;{}&#8220;][et_pb_text _builder_version=&#8220;4.20.2&#8243; _module_preset=&#8220;default&#8220; header_font=&#8220;|700||on|||||&#8220; header_font_size=&#8220;80px&#8220; custom_margin=&#8220;11px||||false|false&#8220; global_colors_info=&#8220;{}&#8220;]<\/p>\n<h1><span style=\"color: #e95f6c;\">Nutzen<\/span> <\/h1>\n<p>[\/et_pb_text][\/et_pb_column][\/et_pb_row][\/et_pb_section][et_pb_section fb_built=&#8220;1&#8243; _builder_version=&#8220;4.20.2&#8243; _module_preset=&#8220;default&#8220; background_color=&#8220;#e1e2ed&#8220; custom_margin=&#8220;||||false|false&#8220; custom_padding=&#8220;||37px||false|false&#8220; global_colors_info=&#8220;{}&#8220;][et_pb_row module_class=&#8220;rowmitklapptext&#8220; _builder_version=&#8220;4.20.0&#8243; _module_preset=&#8220;default&#8220; global_colors_info=&#8220;{}&#8220;][et_pb_column type=&#8220;4_4&#8243; _builder_version=&#8220;4.20.0&#8243; _module_preset=&#8220;default&#8220; global_colors_info=&#8220;{}&#8220;][et_pb_text _builder_version=&#8220;4.20.2&#8243; _module_preset=&#8220;default&#8220; header_2_font=&#8220;|600||on|||||&#8220; global_colors_info=&#8220;{}&#8220;]<\/p>\n<h2>ASCERTAIN&#8217;s Nutzen f\u00fcr wichtige Akteure im Gesundheitswesen<\/h2>\n<p>[\/et_pb_text][et_pb_text _builder_version=&#8220;4.20.2&#8243; _module_preset=&#8220;default&#8220; global_colors_info=&#8220;{}&#8220;]<\/p>\n<p>Das ASCERTAIN-Projekt richtet sich an verschiedene Akteure im Gesundheitswesen, die jeweils eigene Bed\u00fcrfnisse und Ziele haben.<\/p>\n<p>ASCERTAIN unterst\u00fctzt <strong>Akteure in der Industrie<\/strong> mit fundierten Empfehlungen zur Bewertung von Gesundheitstechnologien (Health Technology Assessment, HTA) und liefert neue Erkenntnisse zu Wertsch\u00f6pfung, Preisgestaltung und Zugang. Ziel ist es, Unternehmen dabei zu helfen, tragf\u00e4hige Entscheidungen \u00fcber die Erschwinglichkeit und Nachhaltigkeit innovativer Gesundheitstechnologien (IHTs) zu treffen. <\/p>\n<p><strong>Patient:innen<\/strong> profitieren vom ASCERTAIN-Projekt, da es auf einen schnelleren Zugang zu innovativen Gesundheitstechnologien (IHTs) und eine faire Preisgestaltung abzielt. Ziel ist es, Erschwinglichkeit und Zug\u00e4nglichkeit nachhaltig zu verbessern und sicherzustellen, dass Patient:innen von den neuesten Fortschritten im Gesundheitswesen bestm\u00f6glich profitieren. <\/p>\n<p>F\u00fcr <strong>Forscher:innen<\/strong> ist das ASCERTAIN-Projekt besonders wertvoll, da es einen offenen Zugang zu Daten sowie ein Tool zur Unterst\u00fctzung einer transparenten Zugangspolitik bereitstellt. Ziel ist es, praxisrelevante Einblicke in die Entwicklung neuer Preisgestaltungs- und Erstattungsmodelle zu erm\u00f6glichen und die Gesundheitsforschung gezielt voranzubringen. <\/p>\n<p><strong>Politische Entscheidungstr\u00e4ger und Regierungen<\/strong> profitieren von den Empfehlungen des ASCERTAIN-Projekts zur Modellierung von Kosteneffizienz, Kostenerstattung und Budgetauswirkungen. Das Projekt stellt evidenzbasierte Instrumente bereit, die politische Entscheidungsprozesse unterst\u00fctzen und dazu beitragen, \u00f6ffentliche Mittel m\u00f6glichst wirksam und zielgerichtet einzusetzen. <\/p>\n<p><strong>Regulierungsbeh\u00f6rden <\/strong>profitieren von den Bestrebungen des ASCERTAIN-Projekts, Gesundheitstechnologien mit aussagekr\u00e4ftigen Wertkennzeichnungen zu versehen. Ziel ist es, relevante Informationen bereitzustellen, die fundierte Entscheidungen zur Preisgestaltung und Erstattung neuer Gesundheitstechnologien erm\u00f6glichen. <\/p>\n<p><strong>Behandelnde <\/strong>profitieren von den Bestrebungen des ASCERTAIN-Projekts, die Erschwinglichkeit und Zug\u00e4nglichkeit innovativer Gesundheitstechnologien zu verbessern. Dadurch erhalten Patient:innen besseren Zugang zu medizinischen Innovationen, was die Versorgungsqualit\u00e4t nachhaltig steigert. <\/p>\n<p><strong>Kostentr\u00e4ger und Versicherungsunternehmen<\/strong> profitieren von den Bestrebungen des ASCERTAIN-Projekts, ein umfassendes, unterst\u00fctzendes Instrument bereitzustellen. Ziel ist es, Gesundheitsbeh\u00f6rden, Versicherer und Leistungserbringer bei fundierten Entscheidungen zur Preisgestaltung und Kostenerstattung innovativer Gesundheitstechnologien zu unterst\u00fctzen. <\/p>\n<p>Auch die <strong>Bev\u00f6lkerung <\/strong>profitiert vom ASCERTAIN-Projekt. Durch die Bestrebungen, Erschwinglichkeit und Zug\u00e4nglichkeit innovativer Gesundheitstechnologien zu verbessern, wird sichergestellt, dass \u00f6ffentliche Mittel effizient eingesetzt werden und Patient:innen Zugang zu den neuesten Fortschritten im Gesundheitswesen erhalten. <\/p>\n<p>[\/et_pb_text][\/et_pb_column][\/et_pb_row][\/et_pb_section][et_pb_section fb_built=&#8220;1&#8243; module_id=&#8220;Kontakt&#8220; _builder_version=&#8220;4.20.2&#8243; _module_preset=&#8220;default&#8220; background_color=&#8220;#86B8BD&#8220; custom_margin=&#8220;||||false|false&#8220; custom_padding=&#8220;16px||75px||false|false&#8220; box_shadow_style=&#8220;preset7&#8243; box_shadow_horizontal=&#8220;0px&#8220; box_shadow_vertical=&#8220;-274px&#8220; box_shadow_color=&#8220;#FFFFFF&#8220; global_module=&#8220;910&#8243; saved_tabs=&#8220;all&#8220; global_colors_info=&#8220;{}&#8220;][et_pb_row _builder_version=&#8220;4.20.2&#8243; _module_preset=&#8220;default&#8220; global_colors_info=&#8220;{}&#8220;][et_pb_column type=&#8220;4_4&#8243; _builder_version=&#8220;4.20.2&#8243; _module_preset=&#8220;default&#8220; global_colors_info=&#8220;{}&#8220;][et_pb_text _builder_version=&#8220;4.20.2&#8243; _module_preset=&#8220;default&#8220; header_font=&#8220;Poppins semibold|||on|||||&#8220; header_font_size=&#8220;36px&#8220; custom_margin=&#8220;14px||23px||false|false&#8220; custom_margin_tablet=&#8220;&#8220; custom_margin_phone=&#8220;||30px||false|false&#8220; custom_margin_last_edited=&#8220;on|phone&#8220; header_font_size_phone=&#8220;24px&#8220; global_colors_info=&#8220;{}&#8220;]<\/p>\n<h1>Kontakt<\/h1>\n<p>[\/et_pb_text][et_pb_text _builder_version=&#8220;4.20.2&#8243; _module_preset=&#8220;default&#8220; text_font=&#8220;Poppins regular||||||||&#8220; text_text_color=&#8220;#393C84&#8243; text_font_size=&#8220;24px&#8220; text_line_height=&#8220;1.33em&#8220; module_alignment=&#8220;right&#8220; custom_margin=&#8220;||0px||false|false&#8220; text_font_size_tablet=&#8220;&#8220; text_font_size_phone=&#8220;18px&#8220; text_font_size_last_edited=&#8220;on|phone&#8220; global_colors_info=&#8220;{}&#8220;]<\/p>\n<p>Kontaktieren Sie uns gerne bei Fragen oder Anmerkungen \u2013 wir melden uns schnellstm\u00f6glich bei Ihnen zur\u00fcck! <\/p>\n<p>[\/et_pb_text][\/et_pb_column][\/et_pb_row][et_pb_row column_structure=&#8220;1_3,1_3,1_3&#8243; use_custom_gutter=&#8220;on&#8220; module_class=&#8220;tablet-three-cols&#8220; _builder_version=&#8220;4.20.2&#8243; _module_preset=&#8220;default&#8220; max_width_tablet=&#8220;980px&#8220; max_width_phone=&#8220;500px&#8220; max_width_last_edited=&#8220;on|phone&#8220; custom_padding=&#8220;0px|30px|0px|30px|false|true&#8220; global_colors_info=&#8220;{}&#8220; custom_css_main_element_last_edited=&#8220;on|phone&#8220; custom_css_main_element_tablet=&#8220;display:flex;&#8220; custom_css_main_element_phone=&#8220;display:flex; flex-direction:column;&#8220;][et_pb_column type=&#8220;1_3&#8243; _builder_version=&#8220;4.20.2&#8243; _module_preset=&#8220;be0fba28-f74a-4ba0-9a8d-9cd30aca805d&#8220; global_colors_info=&#8220;{}&#8220; custom_css_main_element_last_edited=&#8220;on|tablet&#8220; custom_css_main_element_tablet=&#8220;margin-bottom:0;&#8220; custom_css_main_element_phone=&#8220;margin-bottom:20px;&#8220;][et_pb_image src=&#8220;https:\/\/www.access2meds.eu\/wp-content\/uploads\/2023\/03\/Carin_Uyl-de-Groot.png&#8220; title_text=&#8220;Carin_Uyl-de-Groot&#8220; _builder_version=&#8220;4.20.2&#8243; _module_preset=&#8220;a348f9e0-d57b-4c22-b522-c52b784fe57f&#8220; global_colors_info=&#8220;{}&#8220;][\/et_pb_image][et_pb_text _builder_version=&#8220;4.20.2&#8243; _module_preset=&#8220;default&#8220; text_text_color=&#8220;#FFFFFF&#8220; link_text_color=&#8220;#FFFFFF&#8220; global_colors_info=&#8220;{}&#8220;]<\/p>\n<p>F\u00fcr forschungsbezogene Fragen:<\/p>\n<p><strong>Carin Uyl-de Groot<\/strong><br \/>Projektkoordinatorin<\/p>\n<p>Erasmus Universit\u00e4t Rotterdam<br \/><a href=\"mailto:uyl@eshpm.eur.nl\">uyl@eshpm.eur.nl<\/a><br \/>Telefon: +31 10 4081583<\/p>\n<p>[\/et_pb_text][\/et_pb_column][et_pb_column type=&#8220;1_3&#8243; _builder_version=&#8220;4.20.2&#8243; _module_preset=&#8220;be0fba28-f74a-4ba0-9a8d-9cd30aca805d&#8220; background_color=&#8220;#393C84&#8243; global_colors_info=&#8220;{}&#8220; custom_css_main_element_last_edited=&#8220;on|phone&#8220; custom_css_main_element_tablet=&#8220;margin-bottom:0;&#8220; custom_css_main_element_phone=&#8220;margin-bottom:20px;&#8220;][et_pb_image src=&#8220;https:\/\/www.access2meds.eu\/wp-content\/uploads\/2023\/03\/Marcel-Langone-1.png&#8220; title_text=&#8220;Marcel-Langone&#8220; align=&#8220;center&#8220; _builder_version=&#8220;4.20.2&#8243; _module_preset=&#8220;a348f9e0-d57b-4c22-b522-c52b784fe57f&#8220; global_colors_info=&#8220;{}&#8220;][\/et_pb_image][et_pb_text _builder_version=&#8220;4.20.2&#8243; _module_preset=&#8220;default&#8220; text_text_color=&#8220;#FFFFFF&#8220; link_text_color=&#8220;#FFFFFF&#8220; global_colors_info=&#8220;{}&#8220;]<\/p>\n<p>F\u00fcr allgemeine Fragen zum Projekt:<\/p>\n<p><strong>Marcel Langone Marques<\/strong><br \/>Projektleiter<\/p>\n<p>Erasmus Universit\u00e4t Rotterdam<br \/><a href=\"mailto:marcel.langonemarques@eur.nl\">marcel.langonemarques@eur.nl<\/a><br \/>Telefon: +31 10 4081583<\/p>\n<p>[\/et_pb_text][\/et_pb_column][et_pb_column type=&#8220;1_3&#8243; _builder_version=&#8220;4.20.2&#8243; _module_preset=&#8220;be0fba28-f74a-4ba0-9a8d-9cd30aca805d&#8220; background_color=&#8220;#048EA3&#8243; global_colors_info=&#8220;{}&#8220;][et_pb_image src=&#8220;https:\/\/www.access2meds.eu\/wp-content\/uploads\/2023\/06\/My-project-1-7.png&#8220; title_text=&#8220;Mein Projekt-1 (7)&#8220; _builder_version=&#8220;4.21.0&#8243; _module_preset=&#8220;a348f9e0-d57b-4c22-b522-c52b784fe57f&#8220; global_colors_info=&#8220;{}&#8220;][\/et_pb_image][et_pb_text _builder_version=&#8220;4.20.2&#8243; _module_preset=&#8220;default&#8220; text_text_color=&#8220;#FFFFFF&#8220; link_text_color=&#8220;#FFFFFF&#8220; global_colors_info=&#8220;{}&#8220;]<\/p>\n<p>F\u00fcr die Kommunikation:<\/p>\n<p><strong>Lena Jessen<\/strong><br \/>Projektleiterin<\/p>\n<p>OptiMedis<br \/><a href=\"mailto:l.jessen@optimedis.de\">l.jessen@optimedis.de<\/a><br \/>Telefon: +49 40 226211490<\/p>\n<p>[\/et_pb_text][\/et_pb_column][\/et_pb_row][\/et_pb_section]<\/p>\n","protected":false},"excerpt":{"rendered":"<p>Nutzen ASCERTAIN&#8217;s Nutzen f\u00fcr wichtige Akteure im GesundheitswesenDas ASCERTAIN-Projekt richtet sich an verschiedene Akteure im Gesundheitswesen, die jeweils eigene Bed\u00fcrfnisse und Ziele haben. ASCERTAIN unterst\u00fctzt Akteure in der Industrie mit fundierten Empfehlungen zur Bewertung von Gesundheitstechnologien (Health Technology Assessment, HTA) und liefert neue Erkenntnisse zu Wertsch\u00f6pfung, Preisgestaltung und Zugang. Ziel ist es, Unternehmen dabei zu helfen, tragf\u00e4hige Entscheidungen \u00fcber die Erschwinglichkeit und Nachhaltigkeit innovativer Gesundheitstechnologien (IHTs) zu treffen. Patient:innen profitieren vom ASCERTAIN-Projekt, da es auf einen schnelleren Zugang zu innovativen Gesundheitstechnologien (IHTs) und eine faire Preisgestaltung abzielt. Ziel ist es, Erschwinglichkeit und Zug\u00e4nglichkeit nachhaltig zu verbessern und sicherzustellen, dass Patient:innen von den neuesten Fortschritten im Gesundheitswesen bestm\u00f6glich profitieren. F\u00fcr Forscher:innen ist das ASCERTAIN-Projekt besonders wertvoll, da es einen offenen Zugang zu Daten sowie ein Tool zur Unterst\u00fctzung einer transparenten Zugangspolitik bereitstellt. Ziel ist es, praxisrelevante Einblicke in die Entwicklung neuer Preisgestaltungs- und Erstattungsmodelle zu erm\u00f6glichen und die Gesundheitsforschung gezielt voranzubringen. Politische Entscheidungstr\u00e4ger und Regierungen profitieren von den Empfehlungen des ASCERTAIN-Projekts zur Modellierung von Kosteneffizienz, Kostenerstattung und Budgetauswirkungen. Das Projekt stellt evidenzbasierte Instrumente bereit, die politische Entscheidungsprozesse unterst\u00fctzen und dazu beitragen, \u00f6ffentliche Mittel m\u00f6glichst wirksam und zielgerichtet einzusetzen. Regulierungsbeh\u00f6rden profitieren von den Bestrebungen des ASCERTAIN-Projekts, Gesundheitstechnologien mit aussagekr\u00e4ftigen Wertkennzeichnungen zu versehen. [&hellip;]<\/p>\n","protected":false},"author":1,"featured_media":2559,"parent":0,"menu_order":0,"comment_status":"closed","ping_status":"closed","template":"","meta":{"_et_pb_use_builder":"on","_et_pb_old_content":"","_et_gb_content_width":"","footnotes":""},"class_list":["post-3559","page","type-page","status-publish","has-post-thumbnail","hentry"],"yoast_head":"<!-- This site is optimized with the Yoast SEO Premium plugin v23.8 (Yoast SEO v27.5) - https:\/\/yoast.com\/product\/yoast-seo-premium-wordpress\/ -->\n<title>Nutzen - ASCERTAIN<\/title>\n<meta name=\"description\" content=\"Erfahren Sie, wie ASCERTAIN die wichtigsten Akteure im Gesundheitswesen bei der Schaffung von Mehrwert, Preisgestaltung und Zugang unterst\u00fctzt.\" \/>\n<meta name=\"robots\" content=\"index, follow, max-snippet:-1, max-image-preview:large, max-video-preview:-1\" \/>\n<link rel=\"canonical\" href=\"https:\/\/www.access2meds.eu\/de\/auswirkungen\/\" \/>\n<meta property=\"og:locale\" content=\"de_DE\" \/>\n<meta property=\"og:type\" content=\"article\" \/>\n<meta property=\"og:title\" content=\"Nutzen\" \/>\n<meta property=\"og:description\" content=\"Erfahren Sie, wie ASCERTAIN die wichtigsten Akteure im Gesundheitswesen bei der Schaffung von Mehrwert, Preisgestaltung und Zugang unterst\u00fctzt.\" \/>\n<meta property=\"og:url\" content=\"https:\/\/www.access2meds.eu\/de\/auswirkungen\/\" \/>\n<meta property=\"og:site_name\" content=\"ASCERTAIN\" \/>\n<meta property=\"article:modified_time\" content=\"2025-06-24T07:58:46+00:00\" \/>\n<meta property=\"og:image\" content=\"https:\/\/www.access2meds.eu\/wp-content\/uploads\/2023\/03\/Foto_1132274611_iStock_PeopleImages.jpg\" \/>\n\t<meta property=\"og:image:width\" content=\"1282\" \/>\n\t<meta property=\"og:image:height\" content=\"818\" \/>\n\t<meta property=\"og:image:type\" content=\"image\/jpeg\" \/>\n<meta name=\"twitter:card\" content=\"summary_large_image\" \/>\n<meta name=\"twitter:site\" content=\"@ASCERTAIN_EU\" \/>\n<meta name=\"twitter:label1\" content=\"Gesch\u00e4tzte Lesezeit\" \/>\n\t<meta name=\"twitter:data1\" content=\"6\u00a0Minuten\" \/>\n<script type=\"application\/ld+json\" class=\"yoast-schema-graph\">{\"@context\":\"https:\\\/\\\/schema.org\",\"@graph\":[{\"@type\":\"WebPage\",\"@id\":\"https:\\\/\\\/www.access2meds.eu\\\/de\\\/auswirkungen\\\/\",\"url\":\"https:\\\/\\\/www.access2meds.eu\\\/de\\\/auswirkungen\\\/\",\"name\":\"Nutzen - ASCERTAIN\",\"isPartOf\":{\"@id\":\"https:\\\/\\\/www.access2meds.eu\\\/#website\"},\"primaryImageOfPage\":{\"@id\":\"https:\\\/\\\/www.access2meds.eu\\\/de\\\/auswirkungen\\\/#primaryimage\"},\"image\":{\"@id\":\"https:\\\/\\\/www.access2meds.eu\\\/de\\\/auswirkungen\\\/#primaryimage\"},\"thumbnailUrl\":\"https:\\\/\\\/www.access2meds.eu\\\/wp-content\\\/uploads\\\/2023\\\/03\\\/Foto_1132274611_iStock_PeopleImages.jpg\",\"datePublished\":\"2023-03-03T16:32:40+00:00\",\"dateModified\":\"2025-06-24T07:58:46+00:00\",\"description\":\"Erfahren Sie, wie ASCERTAIN die wichtigsten Akteure im Gesundheitswesen bei der Schaffung von Mehrwert, Preisgestaltung und Zugang unterst\u00fctzt.\",\"breadcrumb\":{\"@id\":\"https:\\\/\\\/www.access2meds.eu\\\/de\\\/auswirkungen\\\/#breadcrumb\"},\"inLanguage\":\"de\",\"potentialAction\":[{\"@type\":\"ReadAction\",\"target\":[\"https:\\\/\\\/www.access2meds.eu\\\/de\\\/auswirkungen\\\/\"]}]},{\"@type\":\"ImageObject\",\"inLanguage\":\"de\",\"@id\":\"https:\\\/\\\/www.access2meds.eu\\\/de\\\/auswirkungen\\\/#primaryimage\",\"url\":\"https:\\\/\\\/www.access2meds.eu\\\/wp-content\\\/uploads\\\/2023\\\/03\\\/Foto_1132274611_iStock_PeopleImages.jpg\",\"contentUrl\":\"https:\\\/\\\/www.access2meds.eu\\\/wp-content\\\/uploads\\\/2023\\\/03\\\/Foto_1132274611_iStock_PeopleImages.jpg\",\"width\":1282,\"height\":818},{\"@type\":\"BreadcrumbList\",\"@id\":\"https:\\\/\\\/www.access2meds.eu\\\/de\\\/auswirkungen\\\/#breadcrumb\",\"itemListElement\":[{\"@type\":\"ListItem\",\"position\":1,\"name\":\"Startseite\",\"item\":\"https:\\\/\\\/www.access2meds.eu\\\/de\\\/startseite\\\/\"},{\"@type\":\"ListItem\",\"position\":2,\"name\":\"Nutzen\"}]},{\"@type\":\"WebSite\",\"@id\":\"https:\\\/\\\/www.access2meds.eu\\\/#website\",\"url\":\"https:\\\/\\\/www.access2meds.eu\\\/\",\"name\":\"ASCERTAIN\",\"description\":\"IMPROVING ACCESS TO INNOVATIVE HEALTH TECHNOLOGIES\",\"publisher\":{\"@id\":\"https:\\\/\\\/www.access2meds.eu\\\/#organization\"},\"potentialAction\":[{\"@type\":\"SearchAction\",\"target\":{\"@type\":\"EntryPoint\",\"urlTemplate\":\"https:\\\/\\\/www.access2meds.eu\\\/?s={search_term_string}\"},\"query-input\":{\"@type\":\"PropertyValueSpecification\",\"valueRequired\":true,\"valueName\":\"search_term_string\"}}],\"inLanguage\":\"de\"},{\"@type\":\"Organization\",\"@id\":\"https:\\\/\\\/www.access2meds.eu\\\/#organization\",\"name\":\"ASCERTAIN\",\"url\":\"https:\\\/\\\/www.access2meds.eu\\\/\",\"logo\":{\"@type\":\"ImageObject\",\"inLanguage\":\"de\",\"@id\":\"https:\\\/\\\/www.access2meds.eu\\\/#\\\/schema\\\/logo\\\/image\\\/\",\"url\":\"https:\\\/\\\/www.access2meds.eu\\\/wp-content\\\/uploads\\\/2023\\\/02\\\/ASCERTAIN-logo.svg\",\"contentUrl\":\"https:\\\/\\\/www.access2meds.eu\\\/wp-content\\\/uploads\\\/2023\\\/02\\\/ASCERTAIN-logo.svg\",\"width\":1,\"height\":1,\"caption\":\"ASCERTAIN\"},\"image\":{\"@id\":\"https:\\\/\\\/www.access2meds.eu\\\/#\\\/schema\\\/logo\\\/image\\\/\"},\"sameAs\":[\"https:\\\/\\\/x.com\\\/ASCERTAIN_EU\",\"https:\\\/\\\/www.linkedin.com\\\/company\\\/ascertain-eu\\\/\",\"https:\\\/\\\/www.youtube.com\\\/@ascertainproject\"]}]}<\/script>\n<!-- \/ Yoast SEO Premium plugin. -->","yoast_head_json":{"title":"Nutzen - ASCERTAIN","description":"Erfahren Sie, wie ASCERTAIN die wichtigsten Akteure im Gesundheitswesen bei der Schaffung von Mehrwert, Preisgestaltung und Zugang unterst\u00fctzt.","robots":{"index":"index","follow":"follow","max-snippet":"max-snippet:-1","max-image-preview":"max-image-preview:large","max-video-preview":"max-video-preview:-1"},"canonical":"https:\/\/www.access2meds.eu\/de\/auswirkungen\/","og_locale":"de_DE","og_type":"article","og_title":"Nutzen","og_description":"Erfahren Sie, wie ASCERTAIN die wichtigsten Akteure im Gesundheitswesen bei der Schaffung von Mehrwert, Preisgestaltung und Zugang unterst\u00fctzt.","og_url":"https:\/\/www.access2meds.eu\/de\/auswirkungen\/","og_site_name":"ASCERTAIN","article_modified_time":"2025-06-24T07:58:46+00:00","og_image":[{"width":1282,"height":818,"url":"https:\/\/www.access2meds.eu\/wp-content\/uploads\/2023\/03\/Foto_1132274611_iStock_PeopleImages.jpg","type":"image\/jpeg"}],"twitter_card":"summary_large_image","twitter_site":"@ASCERTAIN_EU","twitter_misc":{"Gesch\u00e4tzte Lesezeit":"6\u00a0Minuten"},"schema":{"@context":"https:\/\/schema.org","@graph":[{"@type":"WebPage","@id":"https:\/\/www.access2meds.eu\/de\/auswirkungen\/","url":"https:\/\/www.access2meds.eu\/de\/auswirkungen\/","name":"Nutzen - ASCERTAIN","isPartOf":{"@id":"https:\/\/www.access2meds.eu\/#website"},"primaryImageOfPage":{"@id":"https:\/\/www.access2meds.eu\/de\/auswirkungen\/#primaryimage"},"image":{"@id":"https:\/\/www.access2meds.eu\/de\/auswirkungen\/#primaryimage"},"thumbnailUrl":"https:\/\/www.access2meds.eu\/wp-content\/uploads\/2023\/03\/Foto_1132274611_iStock_PeopleImages.jpg","datePublished":"2023-03-03T16:32:40+00:00","dateModified":"2025-06-24T07:58:46+00:00","description":"Erfahren Sie, wie ASCERTAIN die wichtigsten Akteure im Gesundheitswesen bei der Schaffung von Mehrwert, Preisgestaltung und Zugang unterst\u00fctzt.","breadcrumb":{"@id":"https:\/\/www.access2meds.eu\/de\/auswirkungen\/#breadcrumb"},"inLanguage":"de","potentialAction":[{"@type":"ReadAction","target":["https:\/\/www.access2meds.eu\/de\/auswirkungen\/"]}]},{"@type":"ImageObject","inLanguage":"de","@id":"https:\/\/www.access2meds.eu\/de\/auswirkungen\/#primaryimage","url":"https:\/\/www.access2meds.eu\/wp-content\/uploads\/2023\/03\/Foto_1132274611_iStock_PeopleImages.jpg","contentUrl":"https:\/\/www.access2meds.eu\/wp-content\/uploads\/2023\/03\/Foto_1132274611_iStock_PeopleImages.jpg","width":1282,"height":818},{"@type":"BreadcrumbList","@id":"https:\/\/www.access2meds.eu\/de\/auswirkungen\/#breadcrumb","itemListElement":[{"@type":"ListItem","position":1,"name":"Startseite","item":"https:\/\/www.access2meds.eu\/de\/startseite\/"},{"@type":"ListItem","position":2,"name":"Nutzen"}]},{"@type":"WebSite","@id":"https:\/\/www.access2meds.eu\/#website","url":"https:\/\/www.access2meds.eu\/","name":"ASCERTAIN","description":"IMPROVING ACCESS TO INNOVATIVE HEALTH TECHNOLOGIES","publisher":{"@id":"https:\/\/www.access2meds.eu\/#organization"},"potentialAction":[{"@type":"SearchAction","target":{"@type":"EntryPoint","urlTemplate":"https:\/\/www.access2meds.eu\/?s={search_term_string}"},"query-input":{"@type":"PropertyValueSpecification","valueRequired":true,"valueName":"search_term_string"}}],"inLanguage":"de"},{"@type":"Organization","@id":"https:\/\/www.access2meds.eu\/#organization","name":"ASCERTAIN","url":"https:\/\/www.access2meds.eu\/","logo":{"@type":"ImageObject","inLanguage":"de","@id":"https:\/\/www.access2meds.eu\/#\/schema\/logo\/image\/","url":"https:\/\/www.access2meds.eu\/wp-content\/uploads\/2023\/02\/ASCERTAIN-logo.svg","contentUrl":"https:\/\/www.access2meds.eu\/wp-content\/uploads\/2023\/02\/ASCERTAIN-logo.svg","width":1,"height":1,"caption":"ASCERTAIN"},"image":{"@id":"https:\/\/www.access2meds.eu\/#\/schema\/logo\/image\/"},"sameAs":["https:\/\/x.com\/ASCERTAIN_EU","https:\/\/www.linkedin.com\/company\/ascertain-eu\/","https:\/\/www.youtube.com\/@ascertainproject"]}]}},"_links":{"self":[{"href":"https:\/\/www.access2meds.eu\/de\/wp-json\/wp\/v2\/pages\/3559","targetHints":{"allow":["GET"]}}],"collection":[{"href":"https:\/\/www.access2meds.eu\/de\/wp-json\/wp\/v2\/pages"}],"about":[{"href":"https:\/\/www.access2meds.eu\/de\/wp-json\/wp\/v2\/types\/page"}],"author":[{"embeddable":true,"href":"https:\/\/www.access2meds.eu\/de\/wp-json\/wp\/v2\/users\/1"}],"replies":[{"embeddable":true,"href":"https:\/\/www.access2meds.eu\/de\/wp-json\/wp\/v2\/comments?post=3559"}],"version-history":[{"count":7,"href":"https:\/\/www.access2meds.eu\/de\/wp-json\/wp\/v2\/pages\/3559\/revisions"}],"predecessor-version":[{"id":4499,"href":"https:\/\/www.access2meds.eu\/de\/wp-json\/wp\/v2\/pages\/3559\/revisions\/4499"}],"wp:featuredmedia":[{"embeddable":true,"href":"https:\/\/www.access2meds.eu\/de\/wp-json\/wp\/v2\/media\/2559"}],"wp:attachment":[{"href":"https:\/\/www.access2meds.eu\/de\/wp-json\/wp\/v2\/media?parent=3559"}],"curies":[{"name":"wp","href":"https:\/\/api.w.org\/{rel}","templated":true}]}}